{"id":1233,"date":"2019-02-15T20:52:20","date_gmt":"2019-02-15T19:52:20","guid":{"rendered":"https:\/\/kudryavtsev.ch\/2-2-2\/"},"modified":"2019-02-27T09:04:48","modified_gmt":"2019-02-27T08:04:48","slug":"2-2-2","status":"publish","type":"page","link":"https:\/\/kudryavtsev.ch\/de\/","title":{"rendered":"Home"},"content":{"rendered":"<section class=\"wpb-content-wrapper\"><p>[vc_row iron_row_type=&#8220;in_container&#8220; iron_remove_padding_medium=&#8220;&#8220; iron_remove_padding_small=&#8220;&#8220; iron_overlay_pattern=&#8220;&#8220; iron_parallax=&#8220;&#8220; iron_bg_video=&#8220;&#8220;][vc_column]\n\t\t\t<!-- START Home [DE] REVOLUTION SLIDER 6.2.21 --><p class=\"rs-p-wp-fix\"><\/p>\n\t\t\t<rs-module-wrap id=\"rev_slider_8_1_wrapper\" data-source=\"gallery\" style=\"background:transparent;padding:0;\">\n\t\t\t\t<rs-module id=\"rev_slider_8_1\" style=\"\" data-version=\"6.2.21\">\n\t\t\t\t\t<rs-slides>\n\t\t\t\t\t\t<rs-slide data-key=\"rs-9\" data-title=\"Slide\" data-anim=\"ei:d;eo:d;s:1050;r:0;t:fade;sl:d;\">\n\t\t\t\t\t\t\t<img src=\"\/\/kudryavtsev.ch\/wp-content\/uploads\/2019\/02\/anton-kudryavtsev-kudryavtsev-ch-photo.jpg\" title=\"Home\" data-parallax=\"off\" data-panzoom=\"d:10000;ss:95;se:100;\" class=\"rev-slidebg\" data-no-retina>\n<!--\n\t\t\t\t\t\t\t--><rs-layer\n\t\t\t\t\t\t\t\tid=\"slider-8-slide-9-layer-6\" \n\t\t\t\t\t\t\t\tclass=\"rs-pxl-2\"\n\t\t\t\t\t\t\t\tdata-type=\"image\"\n\t\t\t\t\t\t\t\tdata-rsp_ch=\"on\"\n\t\t\t\t\t\t\t\tdata-xy=\"x:-98px;y:b;yo:-238px;\"\n\t\t\t\t\t\t\t\tdata-text=\"l:22;\"\n\t\t\t\t\t\t\t\tdata-dim=\"w:375px;h:492px;\"\n\t\t\t\t\t\t\t\tdata-basealign=\"slide\"\n\t\t\t\t\t\t\t\tdata-frame_0=\"tp:600;\"\n\t\t\t\t\t\t\t\tdata-frame_1=\"o:0.25;tp:600;e:power2.inOut;st:1500;sR:1500;\"\n\t\t\t\t\t\t\t\tdata-frame_999=\"o:0;tp:600;e:nothing;st:w;sR:7200;\"\n\t\t\t\t\t\t\t\tstyle=\"z-index:5;\"\n\t\t\t\t\t\t\t><img src=\"\/\/kudryavtsev.ch\/wp-content\/uploads\/2016\/05\/smoke02.png\" width=\"749\" height=\"678\" data-no-retina> \n\t\t\t\t\t\t\t<\/rs-layer><!--\n\n\t\t\t\t\t\t\t--><rs-layer\n\t\t\t\t\t\t\t\tid=\"slider-8-slide-9-layer-1\" \n\t\t\t\t\t\t\t\tclass=\".slider-revolution__text-shadow TheMoons-Title rs-pxl-4\"\n\t\t\t\t\t\t\t\tdata-type=\"text\"\n\t\t\t\t\t\t\t\tdata-color=\"rgba(245, 245, 245, 1)\"\n\t\t\t\t\t\t\t\tdata-rsp_ch=\"on\"\n\t\t\t\t\t\t\t\tdata-xy=\"x:c;y:c;yo:221px;\"\n\t\t\t\t\t\t\t\tdata-text=\"s:71;l:120;fw:700;\"\n\t\t\t\t\t\t\t\tdata-frame_0=\"o:1;tp:600;\"\n\t\t\t\t\t\t\t\tdata-frame_0_chars=\"y:-50px;o:0;\"\n\t\t\t\t\t\t\t\tdata-frame_1=\"tp:600;e:power2.inOut;st:500;sp:1500;sR:500;\"\n\t\t\t\t\t\t\t\tdata-frame_1_chars=\"d:10;\"\n\t\t\t\t\t\t\t\tdata-frame_999=\"o:0;tp:600;e:nothing;st:w;sR:5500;\"\n\t\t\t\t\t\t\t\tstyle=\"z-index:6;font-family:Raleway;letter-spacing:12px;\"\n\t\t\t\t\t\t\t>Anton Kudryavtsev \n\t\t\t\t\t\t\t<\/rs-layer><!--\n\n\t\t\t\t\t\t\t--><rs-layer\n\t\t\t\t\t\t\t\tid=\"slider-8-slide-9-layer-8\" \n\t\t\t\t\t\t\t\tclass=\"rs-pxl-4\"\n\t\t\t\t\t\t\t\tdata-type=\"image\"\n\t\t\t\t\t\t\t\tdata-rsp_ch=\"on\"\n\t\t\t\t\t\t\t\tdata-xy=\"x:-134px;y:b;yo:-188px;\"\n\t\t\t\t\t\t\t\tdata-text=\"l:22;\"\n\t\t\t\t\t\t\t\tdata-dim=\"w:375px;h:492px;\"\n\t\t\t\t\t\t\t\tdata-basealign=\"slide\"\n\t\t\t\t\t\t\t\tdata-frame_0=\"rZ:86;tp:600;\"\n\t\t\t\t\t\t\t\tdata-frame_1=\"o:0.15;rZ:86;tp:600;e:power2.inOut;st:1500;sR:1500;\"\n\t\t\t\t\t\t\t\tdata-frame_999=\"o:0;tp:600;e:nothing;st:w;sR:7200;\"\n\t\t\t\t\t\t\t\tstyle=\"z-index:7;\"\n\t\t\t\t\t\t\t><img src=\"\/\/kudryavtsev.ch\/wp-content\/uploads\/2016\/05\/smoke02.png\" width=\"749\" height=\"678\" data-no-retina> \n\t\t\t\t\t\t\t<\/rs-layer><!--\n\n\t\t\t\t\t\t\t--><rs-layer\n\t\t\t\t\t\t\t\tid=\"slider-8-slide-9-layer-7\" \n\t\t\t\t\t\t\t\tclass=\"rs-pxl-7\"\n\t\t\t\t\t\t\t\tdata-type=\"image\"\n\t\t\t\t\t\t\t\tdata-rsp_ch=\"on\"\n\t\t\t\t\t\t\t\tdata-xy=\"x:11px;y:b;yo:-322px;\"\n\t\t\t\t\t\t\t\tdata-text=\"l:22;\"\n\t\t\t\t\t\t\t\tdata-dim=\"w:749px;h:678px;\"\n\t\t\t\t\t\t\t\tdata-basealign=\"slide\"\n\t\t\t\t\t\t\t\tdata-frame_0=\"tp:600;\"\n\t\t\t\t\t\t\t\tdata-frame_1=\"o:0.25;tp:600;e:power2.inOut;st:1500;sR:1500;\"\n\t\t\t\t\t\t\t\tdata-frame_999=\"o:0;tp:600;e:nothing;st:w;sR:7200;\"\n\t\t\t\t\t\t\t\tstyle=\"z-index:8;\"\n\t\t\t\t\t\t\t><img src=\"\/\/kudryavtsev.ch\/wp-content\/uploads\/2016\/05\/smoke02.png\" width=\"749\" height=\"678\" data-no-retina> \n\t\t\t\t\t\t\t<\/rs-layer><!--\n\n\t\t\t\t\t\t\t--><rs-layer\n\t\t\t\t\t\t\t\tid=\"slider-8-slide-9-layer-9\" \n\t\t\t\t\t\t\t\tclass=\"rs-pxl-6\"\n\t\t\t\t\t\t\t\tdata-type=\"image\"\n\t\t\t\t\t\t\t\tdata-rsp_ch=\"on\"\n\t\t\t\t\t\t\t\tdata-xy=\"x:-15px;y:b;yo:-301px;\"\n\t\t\t\t\t\t\t\tdata-text=\"l:22;\"\n\t\t\t\t\t\t\t\tdata-dim=\"w:749px;h:678px;\"\n\t\t\t\t\t\t\t\tdata-basealign=\"slide\"\n\t\t\t\t\t\t\t\tdata-frame_0=\"rZ:324;tp:600;\"\n\t\t\t\t\t\t\t\tdata-frame_1=\"o:0.2;rZ:324;tp:600;e:power2.inOut;st:1500;sR:1500;\"\n\t\t\t\t\t\t\t\tdata-frame_999=\"o:0;tp:600;e:nothing;st:w;sR:7200;\"\n\t\t\t\t\t\t\t\tstyle=\"z-index:9;\"\n\t\t\t\t\t\t\t><img src=\"\/\/kudryavtsev.ch\/wp-content\/uploads\/2016\/05\/smoke01.png\" width=\"375\" height=\"492\" data-no-retina> \n\t\t\t\t\t\t\t<\/rs-layer><!--\n\n\t\t\t\t\t\t\t--><rs-layer\n\t\t\t\t\t\t\t\tid=\"slider-8-slide-9-layer-10\" \n\t\t\t\t\t\t\t\tclass=\".slider-revolution__text-shadow Phoenix-SubTitle rs-pxl-4\"\n\t\t\t\t\t\t\t\tdata-type=\"text\"\n\t\t\t\t\t\t\t\tdata-color=\"rgba(245, 245, 245, 1)\"\n\t\t\t\t\t\t\t\tdata-rsp_ch=\"on\"\n\t\t\t\t\t\t\t\tdata-xy=\"x:c;y:c;yo:320px;\"\n\t\t\t\t\t\t\t\tdata-text=\"w:normal;s:24;l:22;a:center;\"\n\t\t\t\t\t\t\t\tdata-dim=\"w:817px;h:110px;\"\n\t\t\t\t\t\t\t\tdata-frame_0=\"o:1;tp:600;\"\n\t\t\t\t\t\t\t\tdata-frame_0_chars=\"o:0;\"\n\t\t\t\t\t\t\t\tdata-frame_1=\"tp:600;e:power3.out;st:1500;sp:1500;sR:1500;\"\n\t\t\t\t\t\t\t\tdata-frame_1_chars=\"d:1;\"\n\t\t\t\t\t\t\t\tdata-frame_999=\"o:0;tp:600;e:nothing;st:w;sR:5920;\"\n\t\t\t\t\t\t\t\tstyle=\"z-index:10;font-family:Raleway;letter-spacing:3px;\"\n\t\t\t\t\t\t\t>Gitarrist \n\t\t\t\t\t\t\t<\/rs-layer><!--\n-->\t\t\t\t\t\t<\/rs-slide>\n\t\t\t\t\t<\/rs-slides>\n\t\t\t\t<\/rs-module>\n\t\t\t\t<script type=\"text\/javascript\">\n\t\t\t\t\tsetREVStartSize({c: 'rev_slider_8_1',rl:[1240,1024,778,480],el:[],gw:[1100],gh:[868],type:'hero',justify:'',layout:'fullscreen',offsetContainer:'',offset:'',mh:\"0\"});\n\t\t\t\t\tvar\trevapi8,\n\t\t\t\t\t\ttpj;\n\t\t\t\t\tfunction revinit_revslider81() {\n\t\t\t\t\tjQuery(function() {\n\t\t\t\t\t\ttpj = jQuery;\n\t\t\t\t\t\trevapi8 = tpj(\"#rev_slider_8_1\");\n\t\t\t\t\t\tif(revapi8==undefined || revapi8.revolution == undefined){\n\t\t\t\t\t\t\trevslider_showDoubleJqueryError(\"rev_slider_8_1\");\n\t\t\t\t\t\t}else{\n\t\t\t\t\t\t\trevapi8.revolution({\n\t\t\t\t\t\t\t\tsliderType:\"hero\",\n\t\t\t\t\t\t\t\tsliderLayout:\"fullscreen\",\n\t\t\t\t\t\t\t\tvisibilityLevels:\"1240,1024,778,480\",\n\t\t\t\t\t\t\t\tgridwidth:1100,\n\t\t\t\t\t\t\t\tgridheight:868,\n\t\t\t\t\t\t\t\tperspectiveType:\"local\",\n\t\t\t\t\t\t\t\tresponsiveLevels:\"1240,1024,778,480\",\n\t\t\t\t\t\t\t\tprogressBar:{disableProgressBar:true},\n\t\t\t\t\t\t\t\tnavigation: {\n\t\t\t\t\t\t\t\t\tonHoverStop:false\n\t\t\t\t\t\t\t\t},\n\t\t\t\t\t\t\t\tparallax: {\n\t\t\t\t\t\t\t\t\tlevels:[1,3,4,5,6,7,12,16,10,50,47,48,49,50,51,55],\n\t\t\t\t\t\t\t\t\ttype:\"mousescroll\",\n\t\t\t\t\t\t\t\t\torigo:\"slidercenter\",\n\t\t\t\t\t\t\t\t\tspeed:1500,\n\t\t\t\t\t\t\t\t\tdisable_onmobile:true\n\t\t\t\t\t\t\t\t},\n\t\t\t\t\t\t\t\tscrolleffect: {\n\t\t\t\t\t\t\t\t\tset:true,\n\t\t\t\t\t\t\t\t\tblur:true,\n\t\t\t\t\t\t\t\t\tgrayscale:true,\n\t\t\t\t\t\t\t\t\tmaxblur:2,\n\t\t\t\t\t\t\t\t\tlayers:true,\n\t\t\t\t\t\t\t\t\tslide:true,\n\t\t\t\t\t\t\t\t\tmultiplicator:1.7,\n\t\t\t\t\t\t\t\t\tmultiplicator_layers:2,\n\t\t\t\t\t\t\t\t\ttilt:6,\n\t\t\t\t\t\t\t\t\tdisable_onmobile:true\n\t\t\t\t\t\t\t\t},\n\t\t\t\t\t\t\t\tfallbacks: {\n\t\t\t\t\t\t\t\t\tallowHTML5AutoPlayOnAndroid:true\n\t\t\t\t\t\t\t\t},\n\t\t\t\t\t\t\t});\n\t\t\t\t\t\t}\n\t\t\t\t\t\t\n\t\t\t\t\t});\n\t\t\t\t\t} \/\/ End of RevInitScript\n\t\t\t\tif (document.readyState === \"loading\") window.addEventListener('DOMContentLoaded',function() { revinit_revslider81();}); else revinit_revslider81();\n\t\t\t\t<\/script>\n\t\t\t<\/rs-module-wrap>\n\t\t\t<!-- END REVOLUTION SLIDER -->\n[\/vc_column][\/vc_row][vc_row iron_row_type=&#8220;full_width&#8220; iron_remove_padding_medium=&#8220;&#8220; iron_remove_padding_small=&#8220;mobilenopadding&#8220; iron_overlay_pattern=&#8220;&#8220; iron_parallax=&#8220;&#8220; iron_bg_video=&#8220;&#8220; css=&#8220;.vc_custom_1550403961297{padding-top: 175px !important;padding-bottom: 138px !important;background-color: #ffffff !important;}&#8220;][vc_column][vc_custom_heading text=&#8220;CREDO&#8220; font_container=&#8220;tag:h2|font_size:48px|text_align:center|color:%230a0a0a|line_height:52px&#8220; use_theme_fonts=&#8220;yes&#8220; fit_bg_text=&#8220;0&#8243; el_class=&#8220;letter-spacing10&#8243;]\t<div class=\"dividerwrap\" style=\"padding-top:0px; padding-bottom:82px;\">\r\n\t\t<div class=\"imagedivider center\">\r\n\t\t<img src=\"https:\/\/kudryavtsev.ch\/wp-content\/uploads\/2016\/05\/divider-white.jpg\" class=\"imagedividerpic\" alt=\"divider\">\r\n\t\t<\/div>\r\n\t\t<div class=\"clear\"><\/div>\r\n\t<\/div>[vc_row_inner iron_bg_video=&#8220;&#8220; css=&#8220;.vc_custom_1473275622742{padding-bottom: 148px !important;}&#8220;][vc_column_inner css=&#8220;.vc_custom_1472592334104{padding-right: 15% !important;padding-bottom: 60px !important;padding-left: 15% !important;}&#8220;][vc_column_text]<\/p>\n<h5 style=\"text-align: center;\"><span style=\"color: #f5f5f5;\"><span style=\"color: #000000;\">Musik ist die Kunst, die intimsten, feinsten, sch\u00f6nsten, unausgesprochenen, unaussprechlichen Impulse, Bewegungen, Halbt\u00f6ne, Intonationen, die Nuancen der menschlichen Seele zu vermitteln. Die Gitarre, die schon auf die leichte Ber\u00fchrung der Finger reagiert, erm\u00f6glicht es, diese Palette an Gef\u00fchlen und Emotionen auszudr\u00fccken und sie an das empfindliche Ohr des Zuh\u00f6rers zu bringen.<\/span> <\/span><\/h5>\n<p>[\/vc_column_text][\/vc_column_inner][\/vc_row_inner][vc_single_image image=&#8220;2287&#8243; img_size=&#8220;full&#8220; alignment=&#8220;center&#8220; img_fullwidth=&#8220;0&#8243;][\/vc_column][\/vc_row][vc_row iron_row_type=&#8220;full_width&#8220; iron_remove_padding_medium=&#8220;&#8220; iron_remove_padding_small=&#8220;&#8220; iron_overlay_pattern=&#8220;&#8220; iron_parallax=&#8220;&#8220; iron_bg_video=&#8220;&#8220; css=&#8220;.vc_custom_1551201120542{margin-top: 200px !important;padding-bottom: 90px !important;background-color: #131112 !important;}&#8220; el_class=&#8220;home-audio-player&#8220;][vc_column css=&#8220;.vc_custom_1472587818255{margin-top: -175px !important;}&#8220;]<article class=\"widget  iron_widget_radio \"><div class=\"iron-audioplayer wpb_column vc_column_container  \" id=\"arbitrary-instance-69e14dfe56373\" data-autoplay=\"1\" data-url-playlist=\"https:\/\/kudryavtsev.ch\/de\/?load=playlist.json&#038;title=&#038;albums=2514\" >\r\n\t\t\t\t<div class=\"wpb_column vc_col-sm-12 \">\r\n\t\t\t\t\t<div class=\"album\">\r\n\t\t\t\t\t\t<div class=\"album-art\"><img src=\"https:\/\/kudryavtsev.ch\/wp-content\/themes\/croma\/images\/defaultpx.png\" alt=\"album-art\"><\/div>\r\n\t\t\t\t\t<\/div>\r\n\t\t\t\t<\/div>\r\n\t\t\t\t<div class=\"wpb_column vc_col-sm-12 \">\r\n\t\t\t\t\t<div class=\"playlist\">\r\n\t\t\t\t\t\t<h1 class=\"cr_it-playlist-title\">Guitar Contest in Athen Samples<\/h1><div class=\"cr_it-playlist-artists\">By <span class=\"cr_it-artists-value\"><\/span><\/div>\r\n\t\t\t\t\t\t<div class=\"cr_it-playlist-release-date\">Release date: <span class=\"cr_it-date-value\"><\/span><\/div>\r\n\t\t\t\t\t\t<ul><li data-audiopath=\"https:\/\/kudryavtsev.ch\/wp-content\/uploads\/2019\/02\/01-zapateado.m4a\" data-showloading=\"true\"  data-albumTitle=\"Guitar Contest in Athen Samples\" data-albumArt=\"https:\/\/kudryavtsev.ch\/wp-content\/uploads\/2019\/02\/cd-athens-2000-front-559x555.jpg\"data-trackartists=\"\"data-releasedate=\"\" data-trackTitle=\"Zapateado\"><\/li><\/ul>\r\n\t\t\t\t\t<\/div>\r\n\t\t\t\t<\/div>\r\n\t\t\t\t<div class=\"vc_column_container wpb_column vc_col-sm-12\">\r\n\t\t\t\t\t<div class=\"track-title\"><\/div>\r\n\t\t\t\t\t<div class=\"album-title\"><\/div>\r\n\r\n\t\t\t\t\t<div class=\"player\">\r\n\t\t\t\t\t\t<div class=\"currentTime\"><\/div>\r\n\t\t\t\t\t\t<div id=\"arbitrary-instance-69e14dfe56373-wave\" class=\"wave\"><\/div>\r\n\t\t\t\t\t\t<div class=\"totalTime\"><\/div>\r\n\t\t\t\t\t\t<div class=\"control\">\r\n\t\t\t\t\t\t\t<a class=\"previous\" style=\"opacity:0;\">\r\n\t\t\t\t\t\t\t\t<svg version=\"1.1\" id=\"Layer_1\" xmlns=\"http:\/\/www.w3.org\/2000\/svg\" xmlns:xlink=\"http:\/\/www.w3.org\/1999\/xlink\" x=\"0px\" y=\"0px\" viewBox=\"0 0 10.2 11.7\" style=\"enable-background:new 0 0 10.2 11.7;\" xml:space=\"preserve\">\r\n\t\t\t\t\t\t\t\t\t<polygon points=\"10.2,0 1.4,5.3 1.4,0 0,0 0,11.7 1.4,11.7 1.4,6.2 10.2,11.7\"\/>\r\n\t\t\t\t\t\t\t\t<\/svg>\r\n\t\t\t\t\t\t\t<\/a>\r\n\t\t\t\t\t\t\t<a class=\"play\" style=\"opacity:0;\">\r\n\t\t\t\t\t\t\t\t<svg version=\"1.1\" xmlns=\"http:\/\/www.w3.org\/2000\/svg\" xmlns:xlink=\"http:\/\/www.w3.org\/1999\/xlink\" x=\"0px\" y=\"0px\" viewBox=\"0 0 17.5 21.2\" style=\"enable-background:new 0 0 17.5 21.2;\" xml:space=\"preserve\">\r\n\t\t\t\t\t\t\t\t\t<path d=\"M0,0l17.5,10.9L0,21.2V0z\"\/>\r\n\r\n\t\t\t\t\t\t\t\t\t<rect width=\"6\" height=\"21.2\"\/>\r\n\t\t\t\t\t\t\t\t\t<rect x=\"11.5\" width=\"6\" height=\"21.2\"\/>\r\n\t\t\t\t\t\t\t\t<\/svg>\r\n\t\t\t\t\t\t\t<\/a>\r\n\t\t\t\t\t\t\t<a class=\"next\" style=\"opacity:0;\">\r\n\t\t\t\t\t\t\t\t<svg version=\"1.1\" xmlns=\"http:\/\/www.w3.org\/2000\/svg\" xmlns:xlink=\"http:\/\/www.w3.org\/1999\/xlink\" x=\"0px\" y=\"0px\" viewBox=\"0 0 10.2 11.7\" style=\"enable-background:new 0 0 10.2 11.7;\" xml:space=\"preserve\">\r\n\t\t\t\t\t\t\t\t\t<polygon points=\"0,11.7 8.8,6.4 8.8,11.7 10.2,11.7 10.2,0 8.8,0 8.8,5.6 0,0\"\/>\r\n\t\t\t\t\t\t\t\t<\/svg>\r\n\t\t\t\t\t\t\t<\/a>\r\n\t\t\t\t\t\t<\/div>\r\n\t\t\t\t\t<\/div>\r\n\t\t\t\t<\/div>\r\n\t\t\t\t<\/div><\/article>[\/vc_column][\/vc_row]<\/p>\n<\/section>","protected":false},"excerpt":{"rendered":"<p>[vc_row iron_row_type=&#8220;in_container&#8220; iron_remove_padding_medium=&#8220;&#8220; iron_remove_padding_small=&#8220;&#8220; iron_overlay_pattern=&#8220;&#8220; iron_parallax=&#8220;&#8220; iron_bg_video=&#8220;&#8220;][vc_column][\/vc_column][\/vc_row][vc_row iron_row_type=&#8220;full_width&#8220; iron_remove_padding_medium=&#8220;&#8220; iron_remove_padding_small=&#8220;mobilenopadding&#8220; iron_overlay_pattern=&#8220;&#8220; iron_parallax=&#8220;&#8220; iron_bg_video=&#8220;&#8220; css=&#8220;.vc_custom_1550403961297{padding-top: 175px !important;padding-bottom: 138px !important;background-color: #ffffff !important;}&#8220;][vc_column][vc_custom_heading text=&#8220;CREDO&#8220; font_container=&#8220;tag:h2|font_size:48px|text_align:center|color:%230a0a0a|line_height:52px&#8220; use_theme_fonts=&#8220;yes&#8220; fit_bg_text=&#8220;0&#8243; el_class=&#8220;letter-spacing10&#8243;][vc_row_inner iron_bg_video=&#8220;&#8220; css=&#8220;.vc_custom_1473275622742{padding-bottom: 148px !important;}&#8220;][vc_column_inner css=&#8220;.vc_custom_1472592334104{padding-right: 15% !important;padding-bottom: 60px !important;padding-left: 15% !important;}&#8220;][vc_column_text] Musik ist die Kunst, die intimsten, feinsten, sch\u00f6nsten, unausgesprochenen, unaussprechlichen Impulse, Bewegungen, Halbt\u00f6ne, Intonationen, die Nuancen der menschlichen Seele zu vermitteln. Die Gitarre, die schon auf die leichte Ber\u00fchrung der Finger reagiert, erm\u00f6glicht es, diese Palette an Gef\u00fchlen und Emotionen auszudr\u00fccken und sie an [&hellip;]<\/p>\n","protected":false},"author":1,"featured_media":0,"parent":0,"menu_order":0,"comment_status":"closed","ping_status":"closed","template":"","meta":{"footnotes":""},"yoast_head":"<!-- This site is optimized with the Yoast SEO plugin v21.3 - https:\/\/yoast.com\/wordpress\/plugins\/seo\/ -->\n<title>Home - Anton Kudryavtsev<\/title>\n<meta name=\"robots\" content=\"index, follow, max-snippet:-1, max-image-preview:large, max-video-preview:-1\" \/>\n<link rel=\"canonical\" href=\"https:\/\/kudryavtsev.ch\/de\/\" \/>\n<meta property=\"og:locale\" content=\"de_DE\" \/>\n<meta property=\"og:type\" content=\"article\" \/>\n<meta property=\"og:title\" content=\"Home - Anton Kudryavtsev\" \/>\n<meta property=\"og:description\" content=\"[vc_row iron_row_type=&#8220;in_container&#8220; iron_remove_padding_medium=&#8220;&#8220; iron_remove_padding_small=&#8220;&#8220; iron_overlay_pattern=&#8220;&#8220; iron_parallax=&#8220;&#8220; iron_bg_video=&#8220;&#8220;][vc_column][\/vc_column][\/vc_row][vc_row iron_row_type=&#8220;full_width&#8220; iron_remove_padding_medium=&#8220;&#8220; iron_remove_padding_small=&#8220;mobilenopadding&#8220; iron_overlay_pattern=&#8220;&#8220; iron_parallax=&#8220;&#8220; iron_bg_video=&#8220;&#8220; css=&#8220;.vc_custom_1550403961297{padding-top: 175px !important;padding-bottom: 138px !important;background-color: #ffffff !important;}&#8220;][vc_column][vc_custom_heading text=&#8220;CREDO&#8220; font_container=&#8220;tag:h2|font_size:48px|text_align:center|color:%230a0a0a|line_height:52px&#8220; use_theme_fonts=&#8220;yes&#8220; fit_bg_text=&#8220;0&#8243; el_class=&#8220;letter-spacing10&#8243;][vc_row_inner iron_bg_video=&#8220;&#8220; css=&#8220;.vc_custom_1473275622742{padding-bottom: 148px !important;}&#8220;][vc_column_inner css=&#8220;.vc_custom_1472592334104{padding-right: 15% !important;padding-bottom: 60px !important;padding-left: 15% !important;}&#8220;][vc_column_text] Musik ist die Kunst, die intimsten, feinsten, sch\u00f6nsten, unausgesprochenen, unaussprechlichen Impulse, Bewegungen, Halbt\u00f6ne, Intonationen, die Nuancen der menschlichen Seele zu vermitteln. Die Gitarre, die schon auf die leichte Ber\u00fchrung der Finger reagiert, erm\u00f6glicht es, diese Palette an Gef\u00fchlen und Emotionen auszudr\u00fccken und sie an [&hellip;]\" \/>\n<meta property=\"og:url\" content=\"https:\/\/kudryavtsev.ch\/de\/\" \/>\n<meta property=\"og:site_name\" content=\"Anton Kudryavtsev\" \/>\n<meta property=\"article:modified_time\" content=\"2019-02-27T08:04:48+00:00\" \/>\n<meta name=\"twitter:card\" content=\"summary_large_image\" \/>\n<meta name=\"twitter:label1\" content=\"Gesch\u00e4tzte Lesezeit\" \/>\n\t<meta name=\"twitter:data1\" content=\"1\u00a0Minute\" \/>\n<script type=\"application\/ld+json\" class=\"yoast-schema-graph\">{\"@context\":\"https:\/\/schema.org\",\"@graph\":[{\"@type\":\"WebPage\",\"@id\":\"https:\/\/kudryavtsev.ch\/de\/\",\"url\":\"https:\/\/kudryavtsev.ch\/de\/\",\"name\":\"Home - Anton Kudryavtsev\",\"isPartOf\":{\"@id\":\"https:\/\/kudryavtsev.ch\/de\/#website\"},\"datePublished\":\"2019-02-15T19:52:20+00:00\",\"dateModified\":\"2019-02-27T08:04:48+00:00\",\"breadcrumb\":{\"@id\":\"https:\/\/kudryavtsev.ch\/de\/#breadcrumb\"},\"inLanguage\":\"de\",\"potentialAction\":[{\"@type\":\"ReadAction\",\"target\":[\"https:\/\/kudryavtsev.ch\/de\/\"]}]},{\"@type\":\"BreadcrumbList\",\"@id\":\"https:\/\/kudryavtsev.ch\/de\/#breadcrumb\",\"itemListElement\":[{\"@type\":\"ListItem\",\"position\":1,\"name\":\"Accueil\",\"item\":\"https:\/\/kudryavtsev.ch\/de\/\"},{\"@type\":\"ListItem\",\"position\":2,\"name\":\"Home\"}]},{\"@type\":\"WebSite\",\"@id\":\"https:\/\/kudryavtsev.ch\/de\/#website\",\"url\":\"https:\/\/kudryavtsev.ch\/de\/\",\"name\":\"Anton Kudryavtsev\",\"description\":\"Guitariste\",\"potentialAction\":[{\"@type\":\"SearchAction\",\"target\":{\"@type\":\"EntryPoint\",\"urlTemplate\":\"https:\/\/kudryavtsev.ch\/de\/?s={search_term_string}\"},\"query-input\":\"required name=search_term_string\"}],\"inLanguage\":\"de\"}]}<\/script>\n<!-- \/ Yoast SEO plugin. -->","yoast_head_json":{"title":"Home - Anton Kudryavtsev","robots":{"index":"index","follow":"follow","max-snippet":"max-snippet:-1","max-image-preview":"max-image-preview:large","max-video-preview":"max-video-preview:-1"},"canonical":"https:\/\/kudryavtsev.ch\/de\/","og_locale":"de_DE","og_type":"article","og_title":"Home - Anton Kudryavtsev","og_description":"[vc_row iron_row_type=&#8220;in_container&#8220; iron_remove_padding_medium=&#8220;&#8220; iron_remove_padding_small=&#8220;&#8220; iron_overlay_pattern=&#8220;&#8220; iron_parallax=&#8220;&#8220; iron_bg_video=&#8220;&#8220;][vc_column][\/vc_column][\/vc_row][vc_row iron_row_type=&#8220;full_width&#8220; iron_remove_padding_medium=&#8220;&#8220; iron_remove_padding_small=&#8220;mobilenopadding&#8220; iron_overlay_pattern=&#8220;&#8220; iron_parallax=&#8220;&#8220; iron_bg_video=&#8220;&#8220; css=&#8220;.vc_custom_1550403961297{padding-top: 175px !important;padding-bottom: 138px !important;background-color: #ffffff !important;}&#8220;][vc_column][vc_custom_heading text=&#8220;CREDO&#8220; font_container=&#8220;tag:h2|font_size:48px|text_align:center|color:%230a0a0a|line_height:52px&#8220; use_theme_fonts=&#8220;yes&#8220; fit_bg_text=&#8220;0&#8243; el_class=&#8220;letter-spacing10&#8243;][vc_row_inner iron_bg_video=&#8220;&#8220; css=&#8220;.vc_custom_1473275622742{padding-bottom: 148px !important;}&#8220;][vc_column_inner css=&#8220;.vc_custom_1472592334104{padding-right: 15% !important;padding-bottom: 60px !important;padding-left: 15% !important;}&#8220;][vc_column_text] Musik ist die Kunst, die intimsten, feinsten, sch\u00f6nsten, unausgesprochenen, unaussprechlichen Impulse, Bewegungen, Halbt\u00f6ne, Intonationen, die Nuancen der menschlichen Seele zu vermitteln. Die Gitarre, die schon auf die leichte Ber\u00fchrung der Finger reagiert, erm\u00f6glicht es, diese Palette an Gef\u00fchlen und Emotionen auszudr\u00fccken und sie an [&hellip;]","og_url":"https:\/\/kudryavtsev.ch\/de\/","og_site_name":"Anton Kudryavtsev","article_modified_time":"2019-02-27T08:04:48+00:00","twitter_card":"summary_large_image","twitter_misc":{"Gesch\u00e4tzte Lesezeit":"1\u00a0Minute"},"schema":{"@context":"https:\/\/schema.org","@graph":[{"@type":"WebPage","@id":"https:\/\/kudryavtsev.ch\/de\/","url":"https:\/\/kudryavtsev.ch\/de\/","name":"Home - Anton Kudryavtsev","isPartOf":{"@id":"https:\/\/kudryavtsev.ch\/de\/#website"},"datePublished":"2019-02-15T19:52:20+00:00","dateModified":"2019-02-27T08:04:48+00:00","breadcrumb":{"@id":"https:\/\/kudryavtsev.ch\/de\/#breadcrumb"},"inLanguage":"de","potentialAction":[{"@type":"ReadAction","target":["https:\/\/kudryavtsev.ch\/de\/"]}]},{"@type":"BreadcrumbList","@id":"https:\/\/kudryavtsev.ch\/de\/#breadcrumb","itemListElement":[{"@type":"ListItem","position":1,"name":"Accueil","item":"https:\/\/kudryavtsev.ch\/de\/"},{"@type":"ListItem","position":2,"name":"Home"}]},{"@type":"WebSite","@id":"https:\/\/kudryavtsev.ch\/de\/#website","url":"https:\/\/kudryavtsev.ch\/de\/","name":"Anton Kudryavtsev","description":"Guitariste","potentialAction":[{"@type":"SearchAction","target":{"@type":"EntryPoint","urlTemplate":"https:\/\/kudryavtsev.ch\/de\/?s={search_term_string}"},"query-input":"required name=search_term_string"}],"inLanguage":"de"}]}},"_links":{"self":[{"href":"https:\/\/kudryavtsev.ch\/de\/wp-json\/wp\/v2\/pages\/1233"}],"collection":[{"href":"https:\/\/kudryavtsev.ch\/de\/wp-json\/wp\/v2\/pages"}],"about":[{"href":"https:\/\/kudryavtsev.ch\/de\/wp-json\/wp\/v2\/types\/page"}],"author":[{"embeddable":true,"href":"https:\/\/kudryavtsev.ch\/de\/wp-json\/wp\/v2\/users\/1"}],"replies":[{"embeddable":true,"href":"https:\/\/kudryavtsev.ch\/de\/wp-json\/wp\/v2\/comments?post=1233"}],"version-history":[{"count":12,"href":"https:\/\/kudryavtsev.ch\/de\/wp-json\/wp\/v2\/pages\/1233\/revisions"}],"predecessor-version":[{"id":2525,"href":"https:\/\/kudryavtsev.ch\/de\/wp-json\/wp\/v2\/pages\/1233\/revisions\/2525"}],"wp:attachment":[{"href":"https:\/\/kudryavtsev.ch\/de\/wp-json\/wp\/v2\/media?parent=1233"}],"curies":[{"name":"wp","href":"https:\/\/api.w.org\/{rel}","templated":true}]}}