{"id":1531,"date":"2016-05-22T21:02:56","date_gmt":"2016-05-22T19:02:56","guid":{"rendered":"https:\/\/kudryavtsev.ch\/bio\/"},"modified":"2020-09-22T23:52:25","modified_gmt":"2020-09-22T21:52:25","slug":"bio","status":"publish","type":"page","link":"https:\/\/kudryavtsev.ch\/de\/bio\/","title":{"rendered":"Bio"},"content":{"rendered":"<section class=\"wpb-content-wrapper\"><p>[vc_row iron_row_type=&#8220;full_width&#8220; iron_remove_padding_medium=&#8220;&#8220; iron_remove_padding_small=&#8220;&#8220; iron_overlay_pattern=&#8220;&#8220; iron_parallax=&#8220;&#8220; iron_bg_video=&#8220;&#8220; css=&#8220;.vc_custom_1473360041373{background-position: center !important;background-repeat: no-repeat !important;background-size: cover !important;}&#8220;][vc_column][rev_slider_vc alias=&#8220;bio-slider-de&#8220;][\/vc_column][\/vc_row][vc_row iron_row_type=&#8220;in_container&#8220; iron_remove_padding_medium=&#8220;&#8220; iron_remove_padding_small=&#8220;mobilenopadding&#8220; iron_overlay_pattern=&#8220;&#8220; iron_parallax=&#8220;&#8220; iron_bg_video=&#8220;&#8220; css=&#8220;.vc_custom_1472849847028{padding-top: 100px !important;padding-bottom: 125px !important;}&#8220;][vc_column css=&#8220;.vc_custom_1466002028564{padding-right: 15% !important;padding-left: 15% !important;}&#8220;][vc_custom_heading source=&#8220;post_title&#8220; font_container=&#8220;tag:h1|font_size:21px|text_align:center|color:%23131112|line_height:24px&#8220; use_theme_fonts=&#8220;yes&#8220; fit_bg_text=&#8220;0&#8243; css=&#8220;.vc_custom_1472849875549{margin-bottom: 11px !important;}&#8220;]\t<div class=\"dividerwrap\" style=\"padding-top:12px; padding-bottom:64px;\">\r\n\t\t<div class=\"defaultdivider center\" style=\"background-color:#131112\"><\/div>\r\n\t\t<div class=\"clear\"><\/div>\r\n\t<\/div>[vc_column_text css=&#8220;.vc_custom_1551190893917{padding-right: 10px !important;padding-bottom: 78px !important;padding-left: 10px !important;}&#8220;]<img decoding=\"async\" loading=\"lazy\" class=\"size-medium wp-image-2302 alignright\" src=\"https:\/\/kudryavtsev.ch\/wp-content\/uploads\/2019\/02\/anton-kudryavtsev-373x559.jpg\" alt=\"\" width=\"373\" height=\"559\" srcset=\"https:\/\/kudryavtsev.ch\/wp-content\/uploads\/2019\/02\/anton-kudryavtsev-373x559.jpg 373w, https:\/\/kudryavtsev.ch\/wp-content\/uploads\/2019\/02\/anton-kudryavtsev-768x1151.jpg 768w, https:\/\/kudryavtsev.ch\/wp-content\/uploads\/2019\/02\/anton-kudryavtsev-684x1024.jpg 684w, https:\/\/kudryavtsev.ch\/wp-content\/uploads\/2019\/02\/anton-kudryavtsev.jpg 1335w\" sizes=\"(max-width: 373px) 100vw, 373px\" \/><\/p>\n<p>Anton Koudriavtsev ist am 20 Februar 1970 geboren. Im Alter von 11 Jahren bekam er den ersten Gitarrenunterricht in seiner Heimatstadt Dnjepropetrovsk in der Ukraine. Sein erster Lehrer, Leonid Sirota, hat ihm die gro\u00dfe Liebe zur Gitarre erweckt und schon nach drei Jahren hat Anton Koudriavtsev in der Berufklasse des Musikkollegiums Dnjepropetrovsk bei Victor Pikiner studiert. Nach der erfolgreichen Lehrdiplompr\u00fcfung mit 19 Jahren kam er nach Sankt-Petersburg und studierte am St\u00e4dtischen Konservatorium beim Evgeniy Larionov. Er spielte zahlreiche Konzerte in St. Petersburg und ganz Russland. Sein Reifediplom erhielt er 1995. In dieser Zeit war er der Preistr\u00e4ger von vier nationalen Wettbewerben in der Ukraine und einem internationalen Wettbewerb \u201cCup of the North\u201d in Tcherepowetsk, Russland.<\/p>\n<p>Im 1996 kam er in der Schweiz und bildete sich am Konservatorium Biel bei Prof. Michel Rutscho und an der Musikhochschule Bern bei Prof. Stephan Schmidt weiter. So erwarb er noch ein Schweizerisches Reife- und Solistendiplom. In dieser Zeit gewann er drei internationale Wettbewerbe: Athen, Montb\u00e9liard (Frankreich) und Taranto (Italien). Im Jahre 2003 wurde er als Gitarrenlehrer an das Konservatorium Del\u00e9mont (Delsberg) berufen . In diesen zehn Jahren in der Schweiz spielte er zahlreiche Konzerten im In- und Ausland.<\/p>\n<p>Anton Koudriavtsev spielte als Solist mit den Orchestern von Bern, Biel, dem Stadtorchester von St.-Petersburg, dem Nationalen Symphonieorchester der Ukraine. Sein Spiel und das Interesse f\u00fcr Neue Musik motivierte mehrere Komponisten f\u00fcr ihm zu schreiben (Vladimir Tsitovich, Vasiliy Michejenko, Alfred Schweizer, Andreas Pfl\u00fcger, Romuald Greenblat).<\/p>\n<p>Sein Repertoire umfasst Musik von der Renaissance bis heute.<\/p>\n<p>Die Schwerpunkte seines Repertoires sind: Renaissancemusik aus England, Frankreich, Spanien und Deutschland. Transkriptionen von Johann Sebastian Bach- Partiten, Sonaten und Lautenwerke. Musik der Klassik &#8211; Fernando Sor und Mauro Giuliani. Spanische romantische Musik. Neue Musik &#8211; von Minimalismus bis Dodekaphonie und experimentelle Kompositionen. Momentan unterrichtet er an der Musikschule Olten sowie EMJB und EJCM.[\/vc_column_text][vc_single_image image=&#8220;2287&#8243; img_size=&#8220;full&#8220; alignment=&#8220;center&#8220; img_fullwidth=&#8220;0&#8243;][\/vc_column][\/vc_row][vc_row iron_row_type=&#8220;full_width&#8220; iron_remove_padding_medium=&#8220;tabletnopadding&#8220; iron_remove_padding_small=&#8220;&#8220; iron_overlay_pattern=&#8220;&#8220; iron_parallax=&#8220;&#8220; iron_bg_video=&#8220;&#8220; css=&#8220;.vc_custom_1472850427509{padding-top: 100px !important;padding-bottom: 30px !important;background-color: #131112 !important;}&#8220;][vc_column][vc_custom_heading text=&#8220;DISKOGRAFIE&#8220; font_container=&#8220;tag:h2|font_size:21px|text_align:center|color:%23f5f5f5|line_height:24px&#8220; use_theme_fonts=&#8220;yes&#8220; fit_bg_text=&#8220;0&#8243;]\t<div class=\"dividerwrap\" style=\"padding-top:12px; padding-bottom:35px;\">\r\n\t\t<div class=\"defaultdivider center\" style=\"background-color:#f5f5f5\"><\/div>\r\n\t\t<div class=\"clear\"><\/div>\r\n\t<\/div>[vc_row_inner equal_height=&#8220;yes&#8220; iron_bg_video=&#8220;&#8220;][vc_column_inner width=&#8220;3\/4&#8243; offset=&#8220;vc_col-lg-offset-3 vc_col-lg-4 vc_col-md-offset-2 vc_col-md-5 vc_col-sm-offset-3 vc_col-xs-offset-2&#8243; css=&#8220;.vc_custom_1464205621809{padding-left: 5px !important;}&#8220;][vc_column_text]<span style=\"color: #f5f5f5;\">1997\u00a0 \u00a0 \u00a0 \u00a0 \u00a0GUITAR CONTEST IN ATHEN<\/span>[\/vc_column_text][\/vc_column_inner][vc_column_inner width=&#8220;1\/2&#8243; offset=&#8220;vc_col-lg-5 vc_col-md-5 vc_hidden-sm vc_hidden-xs&#8220;][vc_column_text]<span style=\"color: #f5f5f5;\">LE CONSERVATOIRE PHILIPPOS\u00a0 NAKAS<\/span>[\/vc_column_text][\/vc_column_inner][\/vc_row_inner][vc_row_inner equal_height=&#8220;yes&#8220; iron_bg_video=&#8220;&#8220;][vc_column_inner width=&#8220;3\/4&#8243; offset=&#8220;vc_col-lg-offset-3 vc_col-lg-4 vc_col-md-offset-2 vc_col-md-5 vc_col-sm-offset-3 vc_col-xs-offset-2&#8243; css=&#8220;.vc_custom_1464205621809{padding-left: 5px !important;}&#8220;][vc_column_text]<span style=\"color: #f5f5f5;\">2001\u00a0 \u00a0 \u00a0 \u00a0 \u00a0 MINIMAL MODAL GUITAR<\/span>[\/vc_column_text][\/vc_column_inner][vc_column_inner width=&#8220;1\/2&#8243; offset=&#8220;vc_col-lg-5 vc_col-md-5 vc_hidden-sm vc_hidden-xs&#8220;][vc_column_text]<span style=\"color: #f5f5f5;\">&lt;&lt;&lt; CLASSIC 2000 &gt;&gt;&gt;<\/span>[\/vc_column_text][\/vc_column_inner][\/vc_row_inner][\/vc_column][\/vc_row][vc_row iron_row_type=&#8220;full_width&#8220; iron_remove_padding_medium=&#8220;&#8220; iron_remove_padding_small=&#8220;&#8220; iron_overlay_pattern=&#8220;&#8220; iron_parallax=&#8220;&#8220; iron_bg_video=&#8220;&#8220; css=&#8220;.vc_custom_1472849337768{padding-top: 100px !important;padding-bottom: 100px !important;background-color: #131112 !important;}&#8220;][vc_column][vc_custom_heading text=&#8220;MEDIA&#8220; font_container=&#8220;tag:h2|font_size:21px|text_align:center|color:%23f5f5f5|line_height:24px&#8220; use_theme_fonts=&#8220;yes&#8220; fit_bg_text=&#8220;0&#8243;]\t<div class=\"dividerwrap\" style=\"padding-top:12px; padding-bottom:75px;\">\r\n\t\t<div class=\"defaultdivider center\" style=\"background-color:#f5f5f5\"><\/div>\r\n\t\t<div class=\"clear\"><\/div>\r\n\t<\/div>[vc_video link=&#8220;https:\/\/youtu.be\/IuTsq4gXG7Q&#8220; el_width=&#8220;70&#8243; align=&#8220;center&#8220;]\t<div class=\"dividerwrap\" style=\"padding-top:12px; padding-bottom:12px;\">\r\n\t\t<div class=\"defaultdivider center\" style=\"background-color:#f5f5f5\"><\/div>\r\n\t\t<div class=\"clear\"><\/div>\r\n\t<\/div>[vc_video link=&#8220;https:\/\/youtu.be\/vXqW35bz9Po&#8220; el_width=&#8220;70&#8243; align=&#8220;center&#8220;][\/vc_column][\/vc_row]<\/p>\n<\/section>","protected":false},"excerpt":{"rendered":"<p>[vc_row iron_row_type=&#8220;full_width&#8220; iron_remove_padding_medium=&#8220;&#8220; iron_remove_padding_small=&#8220;&#8220; iron_overlay_pattern=&#8220;&#8220; iron_parallax=&#8220;&#8220; iron_bg_video=&#8220;&#8220; css=&#8220;.vc_custom_1473360041373{background-position: center !important;background-repeat: no-repeat !important;background-size: cover !important;}&#8220;][vc_column][rev_slider_vc alias=&#8220;bio-slider-de&#8220;][\/vc_column][\/vc_row][vc_row iron_row_type=&#8220;in_container&#8220; iron_remove_padding_medium=&#8220;&#8220; iron_remove_padding_small=&#8220;mobilenopadding&#8220; iron_overlay_pattern=&#8220;&#8220; iron_parallax=&#8220;&#8220; iron_bg_video=&#8220;&#8220; css=&#8220;.vc_custom_1472849847028{padding-top: 100px !important;padding-bottom: 125px !important;}&#8220;][vc_column css=&#8220;.vc_custom_1466002028564{padding-right: 15% !important;padding-left: 15% !important;}&#8220;][vc_custom_heading source=&#8220;post_title&#8220; font_container=&#8220;tag:h1|font_size:21px|text_align:center|color:%23131112|line_height:24px&#8220; use_theme_fonts=&#8220;yes&#8220; fit_bg_text=&#8220;0&#8243; css=&#8220;.vc_custom_1472849875549{margin-bottom: 11px !important;}&#8220;][vc_column_text css=&#8220;.vc_custom_1551190893917{padding-right: 10px !important;padding-bottom: 78px !important;padding-left: 10px !important;}&#8220;] Anton Koudriavtsev ist am 20 Februar 1970 geboren. Im Alter von 11 Jahren bekam er den ersten Gitarrenunterricht in seiner Heimatstadt Dnjepropetrovsk in der Ukraine. Sein erster Lehrer, Leonid Sirota, hat ihm die gro\u00dfe Liebe [&hellip;]<\/p>\n","protected":false},"author":2,"featured_media":0,"parent":0,"menu_order":0,"comment_status":"closed","ping_status":"closed","template":"","meta":{"footnotes":""},"yoast_head":"<!-- This site is optimized with the Yoast SEO plugin v21.3 - https:\/\/yoast.com\/wordpress\/plugins\/seo\/ -->\n<title>Bio - Anton Kudryavtsev<\/title>\n<meta name=\"robots\" content=\"index, follow, max-snippet:-1, max-image-preview:large, max-video-preview:-1\" \/>\n<link rel=\"canonical\" href=\"https:\/\/kudryavtsev.ch\/de\/bio\/\" \/>\n<meta property=\"og:locale\" content=\"de_DE\" \/>\n<meta property=\"og:type\" content=\"article\" \/>\n<meta property=\"og:title\" content=\"Bio - Anton Kudryavtsev\" \/>\n<meta property=\"og:description\" content=\"[vc_row iron_row_type=&#8220;full_width&#8220; iron_remove_padding_medium=&#8220;&#8220; iron_remove_padding_small=&#8220;&#8220; iron_overlay_pattern=&#8220;&#8220; iron_parallax=&#8220;&#8220; iron_bg_video=&#8220;&#8220; css=&#8220;.vc_custom_1473360041373{background-position: center !important;background-repeat: no-repeat !important;background-size: cover !important;}&#8220;][vc_column][rev_slider_vc alias=&#8220;bio-slider-de&#8220;][\/vc_column][\/vc_row][vc_row iron_row_type=&#8220;in_container&#8220; iron_remove_padding_medium=&#8220;&#8220; iron_remove_padding_small=&#8220;mobilenopadding&#8220; iron_overlay_pattern=&#8220;&#8220; iron_parallax=&#8220;&#8220; iron_bg_video=&#8220;&#8220; css=&#8220;.vc_custom_1472849847028{padding-top: 100px !important;padding-bottom: 125px !important;}&#8220;][vc_column css=&#8220;.vc_custom_1466002028564{padding-right: 15% !important;padding-left: 15% !important;}&#8220;][vc_custom_heading source=&#8220;post_title&#8220; font_container=&#8220;tag:h1|font_size:21px|text_align:center|color:%23131112|line_height:24px&#8220; use_theme_fonts=&#8220;yes&#8220; fit_bg_text=&#8220;0&#8243; css=&#8220;.vc_custom_1472849875549{margin-bottom: 11px !important;}&#8220;][vc_column_text css=&#8220;.vc_custom_1551190893917{padding-right: 10px !important;padding-bottom: 78px !important;padding-left: 10px !important;}&#8220;] Anton Koudriavtsev ist am 20 Februar 1970 geboren. Im Alter von 11 Jahren bekam er den ersten Gitarrenunterricht in seiner Heimatstadt Dnjepropetrovsk in der Ukraine. Sein erster Lehrer, Leonid Sirota, hat ihm die gro\u00dfe Liebe [&hellip;]\" \/>\n<meta property=\"og:url\" content=\"https:\/\/kudryavtsev.ch\/de\/bio\/\" \/>\n<meta property=\"og:site_name\" content=\"Anton Kudryavtsev\" \/>\n<meta property=\"article:modified_time\" content=\"2020-09-22T21:52:25+00:00\" \/>\n<meta property=\"og:image\" content=\"https:\/\/kudryavtsev.ch\/wp-content\/uploads\/2019\/02\/anton-kudryavtsev-373x559.jpg\" \/>\n<meta name=\"twitter:card\" content=\"summary_large_image\" \/>\n<meta name=\"twitter:label1\" content=\"Gesch\u00e4tzte Lesezeit\" \/>\n\t<meta name=\"twitter:data1\" content=\"4\u00a0Minuten\" \/>\n<script type=\"application\/ld+json\" class=\"yoast-schema-graph\">{\"@context\":\"https:\/\/schema.org\",\"@graph\":[{\"@type\":\"WebPage\",\"@id\":\"https:\/\/kudryavtsev.ch\/de\/bio\/\",\"url\":\"https:\/\/kudryavtsev.ch\/de\/bio\/\",\"name\":\"Bio - Anton Kudryavtsev\",\"isPartOf\":{\"@id\":\"https:\/\/kudryavtsev.ch\/de\/#website\"},\"datePublished\":\"2016-05-22T19:02:56+00:00\",\"dateModified\":\"2020-09-22T21:52:25+00:00\",\"breadcrumb\":{\"@id\":\"https:\/\/kudryavtsev.ch\/de\/bio\/#breadcrumb\"},\"inLanguage\":\"de\",\"potentialAction\":[{\"@type\":\"ReadAction\",\"target\":[\"https:\/\/kudryavtsev.ch\/de\/bio\/\"]}]},{\"@type\":\"BreadcrumbList\",\"@id\":\"https:\/\/kudryavtsev.ch\/de\/bio\/#breadcrumb\",\"itemListElement\":[{\"@type\":\"ListItem\",\"position\":1,\"name\":\"Accueil\",\"item\":\"https:\/\/kudryavtsev.ch\/de\/\"},{\"@type\":\"ListItem\",\"position\":2,\"name\":\"Bio\"}]},{\"@type\":\"WebSite\",\"@id\":\"https:\/\/kudryavtsev.ch\/de\/#website\",\"url\":\"https:\/\/kudryavtsev.ch\/de\/\",\"name\":\"Anton Kudryavtsev\",\"description\":\"Guitariste\",\"potentialAction\":[{\"@type\":\"SearchAction\",\"target\":{\"@type\":\"EntryPoint\",\"urlTemplate\":\"https:\/\/kudryavtsev.ch\/de\/?s={search_term_string}\"},\"query-input\":\"required name=search_term_string\"}],\"inLanguage\":\"de\"}]}<\/script>\n<!-- \/ Yoast SEO plugin. -->","yoast_head_json":{"title":"Bio - Anton Kudryavtsev","robots":{"index":"index","follow":"follow","max-snippet":"max-snippet:-1","max-image-preview":"max-image-preview:large","max-video-preview":"max-video-preview:-1"},"canonical":"https:\/\/kudryavtsev.ch\/de\/bio\/","og_locale":"de_DE","og_type":"article","og_title":"Bio - Anton Kudryavtsev","og_description":"[vc_row iron_row_type=&#8220;full_width&#8220; iron_remove_padding_medium=&#8220;&#8220; iron_remove_padding_small=&#8220;&#8220; iron_overlay_pattern=&#8220;&#8220; iron_parallax=&#8220;&#8220; iron_bg_video=&#8220;&#8220; css=&#8220;.vc_custom_1473360041373{background-position: center !important;background-repeat: no-repeat !important;background-size: cover !important;}&#8220;][vc_column][rev_slider_vc alias=&#8220;bio-slider-de&#8220;][\/vc_column][\/vc_row][vc_row iron_row_type=&#8220;in_container&#8220; iron_remove_padding_medium=&#8220;&#8220; iron_remove_padding_small=&#8220;mobilenopadding&#8220; iron_overlay_pattern=&#8220;&#8220; iron_parallax=&#8220;&#8220; iron_bg_video=&#8220;&#8220; css=&#8220;.vc_custom_1472849847028{padding-top: 100px !important;padding-bottom: 125px !important;}&#8220;][vc_column css=&#8220;.vc_custom_1466002028564{padding-right: 15% !important;padding-left: 15% !important;}&#8220;][vc_custom_heading source=&#8220;post_title&#8220; font_container=&#8220;tag:h1|font_size:21px|text_align:center|color:%23131112|line_height:24px&#8220; use_theme_fonts=&#8220;yes&#8220; fit_bg_text=&#8220;0&#8243; css=&#8220;.vc_custom_1472849875549{margin-bottom: 11px !important;}&#8220;][vc_column_text css=&#8220;.vc_custom_1551190893917{padding-right: 10px !important;padding-bottom: 78px !important;padding-left: 10px !important;}&#8220;] Anton Koudriavtsev ist am 20 Februar 1970 geboren. Im Alter von 11 Jahren bekam er den ersten Gitarrenunterricht in seiner Heimatstadt Dnjepropetrovsk in der Ukraine. Sein erster Lehrer, Leonid Sirota, hat ihm die gro\u00dfe Liebe [&hellip;]","og_url":"https:\/\/kudryavtsev.ch\/de\/bio\/","og_site_name":"Anton Kudryavtsev","article_modified_time":"2020-09-22T21:52:25+00:00","og_image":[{"url":"https:\/\/kudryavtsev.ch\/wp-content\/uploads\/2019\/02\/anton-kudryavtsev-373x559.jpg"}],"twitter_card":"summary_large_image","twitter_misc":{"Gesch\u00e4tzte Lesezeit":"4\u00a0Minuten"},"schema":{"@context":"https:\/\/schema.org","@graph":[{"@type":"WebPage","@id":"https:\/\/kudryavtsev.ch\/de\/bio\/","url":"https:\/\/kudryavtsev.ch\/de\/bio\/","name":"Bio - Anton Kudryavtsev","isPartOf":{"@id":"https:\/\/kudryavtsev.ch\/de\/#website"},"datePublished":"2016-05-22T19:02:56+00:00","dateModified":"2020-09-22T21:52:25+00:00","breadcrumb":{"@id":"https:\/\/kudryavtsev.ch\/de\/bio\/#breadcrumb"},"inLanguage":"de","potentialAction":[{"@type":"ReadAction","target":["https:\/\/kudryavtsev.ch\/de\/bio\/"]}]},{"@type":"BreadcrumbList","@id":"https:\/\/kudryavtsev.ch\/de\/bio\/#breadcrumb","itemListElement":[{"@type":"ListItem","position":1,"name":"Accueil","item":"https:\/\/kudryavtsev.ch\/de\/"},{"@type":"ListItem","position":2,"name":"Bio"}]},{"@type":"WebSite","@id":"https:\/\/kudryavtsev.ch\/de\/#website","url":"https:\/\/kudryavtsev.ch\/de\/","name":"Anton Kudryavtsev","description":"Guitariste","potentialAction":[{"@type":"SearchAction","target":{"@type":"EntryPoint","urlTemplate":"https:\/\/kudryavtsev.ch\/de\/?s={search_term_string}"},"query-input":"required name=search_term_string"}],"inLanguage":"de"}]}},"_links":{"self":[{"href":"https:\/\/kudryavtsev.ch\/de\/wp-json\/wp\/v2\/pages\/1531"}],"collection":[{"href":"https:\/\/kudryavtsev.ch\/de\/wp-json\/wp\/v2\/pages"}],"about":[{"href":"https:\/\/kudryavtsev.ch\/de\/wp-json\/wp\/v2\/types\/page"}],"author":[{"embeddable":true,"href":"https:\/\/kudryavtsev.ch\/de\/wp-json\/wp\/v2\/users\/2"}],"replies":[{"embeddable":true,"href":"https:\/\/kudryavtsev.ch\/de\/wp-json\/wp\/v2\/comments?post=1531"}],"version-history":[{"count":18,"href":"https:\/\/kudryavtsev.ch\/de\/wp-json\/wp\/v2\/pages\/1531\/revisions"}],"predecessor-version":[{"id":2746,"href":"https:\/\/kudryavtsev.ch\/de\/wp-json\/wp\/v2\/pages\/1531\/revisions\/2746"}],"wp:attachment":[{"href":"https:\/\/kudryavtsev.ch\/de\/wp-json\/wp\/v2\/media?parent=1531"}],"curies":[{"name":"wp","href":"https:\/\/api.w.org\/{rel}","templated":true}]}}