{"id":12,"date":"2019-02-15T20:52:20","date_gmt":"2019-02-15T19:52:20","guid":{"rendered":"http:\/\/kudryavtsev.ch\/?page_id=12"},"modified":"2019-03-10T16:30:53","modified_gmt":"2019-03-10T15:30:53","slug":"2-2-2","status":"publish","type":"page","link":"https:\/\/kudryavtsev.ch\/fr\/","title":{"rendered":"Home"},"content":{"rendered":"<section class=\"wpb-content-wrapper\"><p>[vc_row iron_row_type=\u00a0\u00bbin_container\u00a0\u00bb iron_remove_padding_medium=\u00a0\u00bb\u00a0\u00bb iron_remove_padding_small=\u00a0\u00bb\u00a0\u00bb iron_overlay_pattern=\u00a0\u00bb\u00a0\u00bb iron_parallax=\u00a0\u00bb\u00a0\u00bb iron_bg_video=\u00a0\u00bb\u00a0\u00bb][vc_column]\n\t\t\t<!-- START Home [FR] REVOLUTION SLIDER 6.2.21 --><p class=\"rs-p-wp-fix\"><\/p>\n\t\t\t<rs-module-wrap id=\"rev_slider_4_1_wrapper\" data-source=\"gallery\" style=\"background:transparent;padding:0;\">\n\t\t\t\t<rs-module id=\"rev_slider_4_1\" style=\"\" data-version=\"6.2.21\">\n\t\t\t\t\t<rs-slides>\n\t\t\t\t\t\t<rs-slide data-key=\"rs-5\" data-title=\"Slide\" data-anim=\"ei:d;eo:d;s:1050;r:0;t:fade;sl:d;\">\n\t\t\t\t\t\t\t<img src=\"\/\/kudryavtsev.ch\/wp-content\/uploads\/2019\/02\/anton-kudryavtsev-kudryavtsev-ch-photo.jpg\" title=\"Home\" data-parallax=\"off\" data-panzoom=\"d:10000;ss:95;se:100;\" class=\"rev-slidebg\" data-no-retina>\n<!--\n\t\t\t\t\t\t\t--><rs-layer\n\t\t\t\t\t\t\t\tid=\"slider-4-slide-5-layer-6\" \n\t\t\t\t\t\t\t\tclass=\"rs-pxl-2\"\n\t\t\t\t\t\t\t\tdata-type=\"image\"\n\t\t\t\t\t\t\t\tdata-rsp_ch=\"on\"\n\t\t\t\t\t\t\t\tdata-xy=\"x:-98px;y:b;yo:-238px;\"\n\t\t\t\t\t\t\t\tdata-text=\"l:22;\"\n\t\t\t\t\t\t\t\tdata-dim=\"w:375px;h:492px;\"\n\t\t\t\t\t\t\t\tdata-basealign=\"slide\"\n\t\t\t\t\t\t\t\tdata-frame_0=\"tp:600;\"\n\t\t\t\t\t\t\t\tdata-frame_1=\"o:0.25;tp:600;e:power2.inOut;st:1500;sR:1500;\"\n\t\t\t\t\t\t\t\tdata-frame_999=\"o:0;tp:600;e:nothing;st:w;sR:7200;\"\n\t\t\t\t\t\t\t\tstyle=\"z-index:5;\"\n\t\t\t\t\t\t\t><img src=\"\/\/kudryavtsev.ch\/wp-content\/uploads\/2016\/05\/smoke02.png\" width=\"749\" height=\"678\" data-no-retina> \n\t\t\t\t\t\t\t<\/rs-layer><!--\n\n\t\t\t\t\t\t\t--><rs-layer\n\t\t\t\t\t\t\t\tid=\"slider-4-slide-5-layer-1\" \n\t\t\t\t\t\t\t\tclass=\"slider-revolution__text-shadow TheMoons-Title rs-pxl-4\"\n\t\t\t\t\t\t\t\tdata-type=\"text\"\n\t\t\t\t\t\t\t\tdata-color=\"#ffffff\"\n\t\t\t\t\t\t\t\tdata-rsp_ch=\"on\"\n\t\t\t\t\t\t\t\tdata-xy=\"x:c;y:c;yo:221px;\"\n\t\t\t\t\t\t\t\tdata-text=\"s:71;l:120;fw:700;\"\n\t\t\t\t\t\t\t\tdata-frame_0=\"o:1;tp:600;\"\n\t\t\t\t\t\t\t\tdata-frame_0_chars=\"y:-50px;o:0;\"\n\t\t\t\t\t\t\t\tdata-frame_1=\"tp:600;e:power2.inOut;st:500;sp:1500;sR:500;\"\n\t\t\t\t\t\t\t\tdata-frame_1_chars=\"d:10;\"\n\t\t\t\t\t\t\t\tdata-frame_999=\"o:0;tp:600;e:nothing;st:w;sR:5500;\"\n\t\t\t\t\t\t\t\tstyle=\"z-index:6;font-family:Raleway;letter-spacing:12px;\"\n\t\t\t\t\t\t\t>Anton Kudryavtsev \n\t\t\t\t\t\t\t<\/rs-layer><!--\n\n\t\t\t\t\t\t\t--><rs-layer\n\t\t\t\t\t\t\t\tid=\"slider-4-slide-5-layer-8\" \n\t\t\t\t\t\t\t\tclass=\"rs-pxl-4\"\n\t\t\t\t\t\t\t\tdata-type=\"image\"\n\t\t\t\t\t\t\t\tdata-rsp_ch=\"on\"\n\t\t\t\t\t\t\t\tdata-xy=\"x:-134px;y:b;yo:-188px;\"\n\t\t\t\t\t\t\t\tdata-text=\"l:22;\"\n\t\t\t\t\t\t\t\tdata-dim=\"w:375px;h:492px;\"\n\t\t\t\t\t\t\t\tdata-basealign=\"slide\"\n\t\t\t\t\t\t\t\tdata-frame_0=\"rZ:86;tp:600;\"\n\t\t\t\t\t\t\t\tdata-frame_1=\"o:0.15;rZ:86;tp:600;e:power2.inOut;st:1500;sR:1500;\"\n\t\t\t\t\t\t\t\tdata-frame_999=\"o:0;tp:600;e:nothing;st:w;sR:7200;\"\n\t\t\t\t\t\t\t\tstyle=\"z-index:7;\"\n\t\t\t\t\t\t\t><img src=\"\/\/kudryavtsev.ch\/wp-content\/uploads\/2016\/05\/smoke02.png\" width=\"749\" height=\"678\" data-no-retina> \n\t\t\t\t\t\t\t<\/rs-layer><!--\n\n\t\t\t\t\t\t\t--><rs-layer\n\t\t\t\t\t\t\t\tid=\"slider-4-slide-5-layer-7\" \n\t\t\t\t\t\t\t\tclass=\"rs-pxl-7\"\n\t\t\t\t\t\t\t\tdata-type=\"image\"\n\t\t\t\t\t\t\t\tdata-rsp_ch=\"on\"\n\t\t\t\t\t\t\t\tdata-xy=\"x:11px;y:b;yo:-322px;\"\n\t\t\t\t\t\t\t\tdata-text=\"l:22;\"\n\t\t\t\t\t\t\t\tdata-dim=\"w:749px;h:678px;\"\n\t\t\t\t\t\t\t\tdata-basealign=\"slide\"\n\t\t\t\t\t\t\t\tdata-frame_0=\"tp:600;\"\n\t\t\t\t\t\t\t\tdata-frame_1=\"o:0.25;tp:600;e:power2.inOut;st:1500;sR:1500;\"\n\t\t\t\t\t\t\t\tdata-frame_999=\"o:0;tp:600;e:nothing;st:w;sR:7200;\"\n\t\t\t\t\t\t\t\tstyle=\"z-index:8;\"\n\t\t\t\t\t\t\t><img src=\"\/\/kudryavtsev.ch\/wp-content\/uploads\/2016\/05\/smoke02.png\" width=\"749\" height=\"678\" data-no-retina> \n\t\t\t\t\t\t\t<\/rs-layer><!--\n\n\t\t\t\t\t\t\t--><rs-layer\n\t\t\t\t\t\t\t\tid=\"slider-4-slide-5-layer-9\" \n\t\t\t\t\t\t\t\tclass=\"rs-pxl-6\"\n\t\t\t\t\t\t\t\tdata-type=\"image\"\n\t\t\t\t\t\t\t\tdata-rsp_ch=\"on\"\n\t\t\t\t\t\t\t\tdata-xy=\"x:-15px;y:b;yo:-301px;\"\n\t\t\t\t\t\t\t\tdata-text=\"l:22;\"\n\t\t\t\t\t\t\t\tdata-dim=\"w:749px;h:678px;\"\n\t\t\t\t\t\t\t\tdata-basealign=\"slide\"\n\t\t\t\t\t\t\t\tdata-frame_0=\"rZ:324;tp:600;\"\n\t\t\t\t\t\t\t\tdata-frame_1=\"o:0.2;rZ:324;tp:600;e:power2.inOut;st:1500;sR:1500;\"\n\t\t\t\t\t\t\t\tdata-frame_999=\"o:0;tp:600;e:nothing;st:w;sR:7200;\"\n\t\t\t\t\t\t\t\tstyle=\"z-index:9;\"\n\t\t\t\t\t\t\t><img src=\"\/\/kudryavtsev.ch\/wp-content\/uploads\/2016\/05\/smoke01.png\" width=\"375\" height=\"492\" data-no-retina> \n\t\t\t\t\t\t\t<\/rs-layer><!--\n\n\t\t\t\t\t\t\t--><rs-layer\n\t\t\t\t\t\t\t\tid=\"slider-4-slide-5-layer-10\" \n\t\t\t\t\t\t\t\tclass=\"slider-revolution__text-shadow Phoenix-SubTitle rs-pxl-4\"\n\t\t\t\t\t\t\t\tdata-type=\"text\"\n\t\t\t\t\t\t\t\tdata-color=\"rgba(245, 245, 245, 1)\"\n\t\t\t\t\t\t\t\tdata-rsp_ch=\"on\"\n\t\t\t\t\t\t\t\tdata-xy=\"x:c;xo:-1px;y:c;yo:320px;\"\n\t\t\t\t\t\t\t\tdata-text=\"w:normal;s:24;l:22;a:center;\"\n\t\t\t\t\t\t\t\tdata-dim=\"w:817px;h:110px;\"\n\t\t\t\t\t\t\t\tdata-frame_0=\"o:1;tp:600;\"\n\t\t\t\t\t\t\t\tdata-frame_0_chars=\"o:0;\"\n\t\t\t\t\t\t\t\tdata-frame_1=\"tp:600;e:power3.out;st:1500;sp:1500;sR:1500;\"\n\t\t\t\t\t\t\t\tdata-frame_1_chars=\"d:1;\"\n\t\t\t\t\t\t\t\tdata-frame_999=\"o:0;tp:600;e:nothing;st:w;sR:5910;\"\n\t\t\t\t\t\t\t\tstyle=\"z-index:10;font-family:Raleway;letter-spacing:3px;\"\n\t\t\t\t\t\t\t>guitariste \n\t\t\t\t\t\t\t<\/rs-layer><!--\n-->\t\t\t\t\t\t<\/rs-slide>\n\t\t\t\t\t<\/rs-slides>\n\t\t\t\t<\/rs-module>\n\t\t\t\t<script type=\"text\/javascript\">\n\t\t\t\t\tsetREVStartSize({c: 'rev_slider_4_1',rl:[1240,1024,778,480],el:[],gw:[1100],gh:[868],type:'hero',justify:'',layout:'fullscreen',offsetContainer:'',offset:'',mh:\"0\"});\n\t\t\t\t\tvar\trevapi4,\n\t\t\t\t\t\ttpj;\n\t\t\t\t\tfunction revinit_revslider41() {\n\t\t\t\t\tjQuery(function() {\n\t\t\t\t\t\ttpj = jQuery;\n\t\t\t\t\t\trevapi4 = tpj(\"#rev_slider_4_1\");\n\t\t\t\t\t\tif(revapi4==undefined || revapi4.revolution == undefined){\n\t\t\t\t\t\t\trevslider_showDoubleJqueryError(\"rev_slider_4_1\");\n\t\t\t\t\t\t}else{\n\t\t\t\t\t\t\trevapi4.revolution({\n\t\t\t\t\t\t\t\tsliderType:\"hero\",\n\t\t\t\t\t\t\t\tsliderLayout:\"fullscreen\",\n\t\t\t\t\t\t\t\tvisibilityLevels:\"1240,1024,778,480\",\n\t\t\t\t\t\t\t\tgridwidth:1100,\n\t\t\t\t\t\t\t\tgridheight:868,\n\t\t\t\t\t\t\t\tperspectiveType:\"local\",\n\t\t\t\t\t\t\t\tresponsiveLevels:\"1240,1024,778,480\",\n\t\t\t\t\t\t\t\tprogressBar:{disableProgressBar:true},\n\t\t\t\t\t\t\t\tnavigation: {\n\t\t\t\t\t\t\t\t\tonHoverStop:false\n\t\t\t\t\t\t\t\t},\n\t\t\t\t\t\t\t\tparallax: {\n\t\t\t\t\t\t\t\t\tlevels:[1,3,4,5,6,7,12,16,10,50,47,48,49,50,51,55],\n\t\t\t\t\t\t\t\t\ttype:\"mousescroll\",\n\t\t\t\t\t\t\t\t\torigo:\"slidercenter\",\n\t\t\t\t\t\t\t\t\tspeed:1500,\n\t\t\t\t\t\t\t\t\tdisable_onmobile:true\n\t\t\t\t\t\t\t\t},\n\t\t\t\t\t\t\t\tscrolleffect: {\n\t\t\t\t\t\t\t\t\tset:true,\n\t\t\t\t\t\t\t\t\tblur:true,\n\t\t\t\t\t\t\t\t\tgrayscale:true,\n\t\t\t\t\t\t\t\t\tmaxblur:2,\n\t\t\t\t\t\t\t\t\tlayers:true,\n\t\t\t\t\t\t\t\t\tslide:true,\n\t\t\t\t\t\t\t\t\tmultiplicator:1.7,\n\t\t\t\t\t\t\t\t\tmultiplicator_layers:2,\n\t\t\t\t\t\t\t\t\ttilt:6,\n\t\t\t\t\t\t\t\t\tdisable_onmobile:true\n\t\t\t\t\t\t\t\t},\n\t\t\t\t\t\t\t\tfallbacks: {\n\t\t\t\t\t\t\t\t\tallowHTML5AutoPlayOnAndroid:true\n\t\t\t\t\t\t\t\t},\n\t\t\t\t\t\t\t});\n\t\t\t\t\t\t}\n\t\t\t\t\t\t\n\t\t\t\t\t});\n\t\t\t\t\t} \/\/ End of RevInitScript\n\t\t\t\tif (document.readyState === \"loading\") window.addEventListener('DOMContentLoaded',function() { revinit_revslider41();}); else revinit_revslider41();\n\t\t\t\t<\/script>\n\t\t\t<\/rs-module-wrap>\n\t\t\t<!-- END REVOLUTION SLIDER -->\n[\/vc_column][\/vc_row][vc_row iron_row_type=\u00a0\u00bbfull_width\u00a0\u00bb iron_remove_padding_medium=\u00a0\u00bb\u00a0\u00bb iron_remove_padding_small=\u00a0\u00bbmobilenopadding\u00a0\u00bb iron_overlay_pattern=\u00a0\u00bb\u00a0\u00bb iron_parallax=\u00a0\u00bb\u00a0\u00bb iron_bg_video=\u00a0\u00bb\u00a0\u00bb css=\u00a0\u00bb.vc_custom_1550403961297{padding-top: 175px !important;padding-bottom: 138px !important;background-color: #ffffff !important;}\u00a0\u00bb][vc_column][vc_custom_heading text=\u00a0\u00bbCREDO\u00a0\u00bb font_container=\u00a0\u00bbtag:h2|font_size:48px|text_align:center|color:%230a0a0a|line_height:52px\u00a0\u00bb use_theme_fonts=\u00a0\u00bbyes\u00a0\u00bb fit_bg_text=\u00a0\u00bb0&Prime; el_class=\u00a0\u00bbletter-spacing10&Prime;]\t<div class=\"dividerwrap\" style=\"padding-top:0px; padding-bottom:82px;\">\r\n\t\t<div class=\"imagedivider center\">\r\n\t\t<img src=\"https:\/\/kudryavtsev.ch\/wp-content\/uploads\/2016\/05\/divider-white.jpg\" class=\"imagedividerpic\" alt=\"divider\">\r\n\t\t<\/div>\r\n\t\t<div class=\"clear\"><\/div>\r\n\t<\/div>[vc_row_inner iron_bg_video=\u00a0\u00bb\u00a0\u00bb css=\u00a0\u00bb.vc_custom_1473275622742{padding-bottom: 148px !important;}\u00a0\u00bb][vc_column_inner css=\u00a0\u00bb.vc_custom_1472592334104{padding-right: 15% !important;padding-bottom: 60px !important;padding-left: 15% !important;}\u00a0\u00bb][vc_column_text]<\/p>\n<h5 style=\"text-align: center;\"><span style=\"color: #f5f5f5;\"><span style=\"color: #000000;\">La musique est l&rsquo;art de transmettre les impulsions, les mouvements, les demi-couleurs, les intonations, les raffinements les plus intimes, les plus beaux et les plus inexprimables de notre \u00e2me humaine. La guitare est l\u2019instrument qui r\u00e9pond au toucher l\u00e9g\u00e8r de doigts, qui donne la possibilit\u00e9 d\u2019exprimer cette palette de sentiments pour la transmettre \u00e0 l\u2019oreille de l\u2019auditeur.<\/span> <\/span><\/h5>\n<p>[\/vc_column_text][\/vc_column_inner][\/vc_row_inner][vc_single_image image=\u00a0\u00bb1126&Prime; img_size=\u00a0\u00bbfull\u00a0\u00bb alignment=\u00a0\u00bbcenter\u00a0\u00bb img_fullwidth=\u00a0\u00bb0&Prime;][\/vc_column][\/vc_row][vc_row iron_row_type=\u00a0\u00bbfull_width\u00a0\u00bb iron_remove_padding_medium=\u00a0\u00bb\u00a0\u00bb iron_remove_padding_small=\u00a0\u00bb\u00a0\u00bb iron_overlay_pattern=\u00a0\u00bb\u00a0\u00bb iron_parallax=\u00a0\u00bb\u00a0\u00bb iron_bg_video=\u00a0\u00bb\u00a0\u00bb css=\u00a0\u00bb.vc_custom_1551200975515{margin-top: 200px !important;padding-bottom: 90px !important;background-color: #131112 !important;}\u00a0\u00bb el_class=\u00a0\u00bbhome-audio-player\u00a0\u00bb][vc_column css=\u00a0\u00bb.vc_custom_1472587818255{margin-top: -175px !important;}\u00a0\u00bb]<article class=\"widget  iron_widget_radio \"><div class=\"iron-audioplayer wpb_column vc_column_container  \" id=\"arbitrary-instance-69e14dc745c19\" data-autoplay=\"1\" data-url-playlist=\"https:\/\/kudryavtsev.ch\/fr\/?load=playlist.json&#038;title=&#038;albums=2514\" >\r\n\t\t\t\t<div class=\"wpb_column vc_col-sm-12 \">\r\n\t\t\t\t\t<div class=\"album\">\r\n\t\t\t\t\t\t<div class=\"album-art\"><img src=\"https:\/\/kudryavtsev.ch\/wp-content\/themes\/croma\/images\/defaultpx.png\" alt=\"album-art\"><\/div>\r\n\t\t\t\t\t<\/div>\r\n\t\t\t\t<\/div>\r\n\t\t\t\t<div class=\"wpb_column vc_col-sm-12 \">\r\n\t\t\t\t\t<div class=\"playlist\">\r\n\t\t\t\t\t\t<h1 class=\"cr_it-playlist-title\">Guitar Contest in Athen Samples<\/h1><div class=\"cr_it-playlist-artists\">By <span class=\"cr_it-artists-value\"><\/span><\/div>\r\n\t\t\t\t\t\t<div class=\"cr_it-playlist-release-date\">Release date: <span class=\"cr_it-date-value\"><\/span><\/div>\r\n\t\t\t\t\t\t<ul><li data-audiopath=\"https:\/\/kudryavtsev.ch\/wp-content\/uploads\/2019\/02\/01-zapateado.m4a\" data-showloading=\"true\"  data-albumTitle=\"Guitar Contest in Athen Samples\" data-albumArt=\"https:\/\/kudryavtsev.ch\/wp-content\/uploads\/2019\/02\/cd-athens-2000-front-559x555.jpg\"data-trackartists=\"\"data-releasedate=\"\" data-trackTitle=\"Zapateado\"><\/li><\/ul>\r\n\t\t\t\t\t<\/div>\r\n\t\t\t\t<\/div>\r\n\t\t\t\t<div class=\"vc_column_container wpb_column vc_col-sm-12\">\r\n\t\t\t\t\t<div class=\"track-title\"><\/div>\r\n\t\t\t\t\t<div class=\"album-title\"><\/div>\r\n\r\n\t\t\t\t\t<div class=\"player\">\r\n\t\t\t\t\t\t<div class=\"currentTime\"><\/div>\r\n\t\t\t\t\t\t<div id=\"arbitrary-instance-69e14dc745c19-wave\" class=\"wave\"><\/div>\r\n\t\t\t\t\t\t<div class=\"totalTime\"><\/div>\r\n\t\t\t\t\t\t<div class=\"control\">\r\n\t\t\t\t\t\t\t<a class=\"previous\" style=\"opacity:0;\">\r\n\t\t\t\t\t\t\t\t<svg version=\"1.1\" id=\"Layer_1\" xmlns=\"http:\/\/www.w3.org\/2000\/svg\" xmlns:xlink=\"http:\/\/www.w3.org\/1999\/xlink\" x=\"0px\" y=\"0px\" viewBox=\"0 0 10.2 11.7\" style=\"enable-background:new 0 0 10.2 11.7;\" xml:space=\"preserve\">\r\n\t\t\t\t\t\t\t\t\t<polygon points=\"10.2,0 1.4,5.3 1.4,0 0,0 0,11.7 1.4,11.7 1.4,6.2 10.2,11.7\"\/>\r\n\t\t\t\t\t\t\t\t<\/svg>\r\n\t\t\t\t\t\t\t<\/a>\r\n\t\t\t\t\t\t\t<a class=\"play\" style=\"opacity:0;\">\r\n\t\t\t\t\t\t\t\t<svg version=\"1.1\" xmlns=\"http:\/\/www.w3.org\/2000\/svg\" xmlns:xlink=\"http:\/\/www.w3.org\/1999\/xlink\" x=\"0px\" y=\"0px\" viewBox=\"0 0 17.5 21.2\" style=\"enable-background:new 0 0 17.5 21.2;\" xml:space=\"preserve\">\r\n\t\t\t\t\t\t\t\t\t<path d=\"M0,0l17.5,10.9L0,21.2V0z\"\/>\r\n\r\n\t\t\t\t\t\t\t\t\t<rect width=\"6\" height=\"21.2\"\/>\r\n\t\t\t\t\t\t\t\t\t<rect x=\"11.5\" width=\"6\" height=\"21.2\"\/>\r\n\t\t\t\t\t\t\t\t<\/svg>\r\n\t\t\t\t\t\t\t<\/a>\r\n\t\t\t\t\t\t\t<a class=\"next\" style=\"opacity:0;\">\r\n\t\t\t\t\t\t\t\t<svg version=\"1.1\" xmlns=\"http:\/\/www.w3.org\/2000\/svg\" xmlns:xlink=\"http:\/\/www.w3.org\/1999\/xlink\" x=\"0px\" y=\"0px\" viewBox=\"0 0 10.2 11.7\" style=\"enable-background:new 0 0 10.2 11.7;\" xml:space=\"preserve\">\r\n\t\t\t\t\t\t\t\t\t<polygon points=\"0,11.7 8.8,6.4 8.8,11.7 10.2,11.7 10.2,0 8.8,0 8.8,5.6 0,0\"\/>\r\n\t\t\t\t\t\t\t\t<\/svg>\r\n\t\t\t\t\t\t\t<\/a>\r\n\t\t\t\t\t\t<\/div>\r\n\t\t\t\t\t<\/div>\r\n\t\t\t\t<\/div>\r\n\t\t\t\t<\/div><\/article>[\/vc_column][\/vc_row]<\/p>\n<\/section>","protected":false},"excerpt":{"rendered":"<p>[vc_row iron_row_type=\u00a0\u00bbin_container\u00a0\u00bb iron_remove_padding_medium=\u00a0\u00bb\u00a0\u00bb iron_remove_padding_small=\u00a0\u00bb\u00a0\u00bb iron_overlay_pattern=\u00a0\u00bb\u00a0\u00bb iron_parallax=\u00a0\u00bb\u00a0\u00bb iron_bg_video=\u00a0\u00bb\u00a0\u00bb][vc_column][\/vc_column][\/vc_row][vc_row iron_row_type=\u00a0\u00bbfull_width\u00a0\u00bb iron_remove_padding_medium=\u00a0\u00bb\u00a0\u00bb iron_remove_padding_small=\u00a0\u00bbmobilenopadding\u00a0\u00bb iron_overlay_pattern=\u00a0\u00bb\u00a0\u00bb iron_parallax=\u00a0\u00bb\u00a0\u00bb iron_bg_video=\u00a0\u00bb\u00a0\u00bb css=\u00a0\u00bb.vc_custom_1550403961297{padding-top: 175px !important;padding-bottom: 138px !important;background-color: #ffffff !important;}\u00a0\u00bb][vc_column][vc_custom_heading text=\u00a0\u00bbCREDO\u00a0\u00bb font_container=\u00a0\u00bbtag:h2|font_size:48px|text_align:center|color:%230a0a0a|line_height:52px\u00a0\u00bb use_theme_fonts=\u00a0\u00bbyes\u00a0\u00bb fit_bg_text=\u00a0\u00bb0&Prime; el_class=\u00a0\u00bbletter-spacing10&Prime;][vc_row_inner iron_bg_video=\u00a0\u00bb\u00a0\u00bb css=\u00a0\u00bb.vc_custom_1473275622742{padding-bottom: 148px !important;}\u00a0\u00bb][vc_column_inner css=\u00a0\u00bb.vc_custom_1472592334104{padding-right: 15% !important;padding-bottom: 60px !important;padding-left: 15% !important;}\u00a0\u00bb][vc_column_text] La musique est l&rsquo;art de transmettre les impulsions, les mouvements, les demi-couleurs, les intonations, les raffinements les plus intimes, les plus beaux et les plus inexprimables de notre \u00e2me humaine. La guitare est l\u2019instrument qui r\u00e9pond au toucher l\u00e9g\u00e8r de doigts, qui donne la [&hellip;]<\/p>\n","protected":false},"author":1,"featured_media":0,"parent":0,"menu_order":0,"comment_status":"closed","ping_status":"closed","template":"","meta":{"footnotes":""},"yoast_head":"<!-- This site is optimized with the Yoast SEO plugin v21.3 - https:\/\/yoast.com\/wordpress\/plugins\/seo\/ -->\n<title>Home - Anton Kudryavtsev<\/title>\n<meta name=\"robots\" content=\"index, follow, max-snippet:-1, max-image-preview:large, max-video-preview:-1\" \/>\n<link rel=\"canonical\" href=\"https:\/\/kudryavtsev.ch\/fr\/\" \/>\n<meta property=\"og:locale\" content=\"fr_FR\" \/>\n<meta property=\"og:type\" content=\"article\" \/>\n<meta property=\"og:title\" content=\"Home - Anton Kudryavtsev\" \/>\n<meta property=\"og:description\" content=\"[vc_row iron_row_type=\u00a0\u00bbin_container\u00a0\u00bb iron_remove_padding_medium=\u00a0\u00bb\u00a0\u00bb iron_remove_padding_small=\u00a0\u00bb\u00a0\u00bb iron_overlay_pattern=\u00a0\u00bb\u00a0\u00bb iron_parallax=\u00a0\u00bb\u00a0\u00bb iron_bg_video=\u00a0\u00bb\u00a0\u00bb][vc_column][\/vc_column][\/vc_row][vc_row iron_row_type=\u00a0\u00bbfull_width\u00a0\u00bb iron_remove_padding_medium=\u00a0\u00bb\u00a0\u00bb iron_remove_padding_small=\u00a0\u00bbmobilenopadding\u00a0\u00bb iron_overlay_pattern=\u00a0\u00bb\u00a0\u00bb iron_parallax=\u00a0\u00bb\u00a0\u00bb iron_bg_video=\u00a0\u00bb\u00a0\u00bb css=\u00a0\u00bb.vc_custom_1550403961297{padding-top: 175px !important;padding-bottom: 138px !important;background-color: #ffffff !important;}\u00a0\u00bb][vc_column][vc_custom_heading text=\u00a0\u00bbCREDO\u00a0\u00bb font_container=\u00a0\u00bbtag:h2|font_size:48px|text_align:center|color:%230a0a0a|line_height:52px\u00a0\u00bb use_theme_fonts=\u00a0\u00bbyes\u00a0\u00bb fit_bg_text=\u00a0\u00bb0&Prime; el_class=\u00a0\u00bbletter-spacing10&Prime;][vc_row_inner iron_bg_video=\u00a0\u00bb\u00a0\u00bb css=\u00a0\u00bb.vc_custom_1473275622742{padding-bottom: 148px !important;}\u00a0\u00bb][vc_column_inner css=\u00a0\u00bb.vc_custom_1472592334104{padding-right: 15% !important;padding-bottom: 60px !important;padding-left: 15% !important;}\u00a0\u00bb][vc_column_text] La musique est l&rsquo;art de transmettre les impulsions, les mouvements, les demi-couleurs, les intonations, les raffinements les plus intimes, les plus beaux et les plus inexprimables de notre \u00e2me humaine. La guitare est l\u2019instrument qui r\u00e9pond au toucher l\u00e9g\u00e8r de doigts, qui donne la [&hellip;]\" \/>\n<meta property=\"og:url\" content=\"https:\/\/kudryavtsev.ch\/fr\/\" \/>\n<meta property=\"og:site_name\" content=\"Anton Kudryavtsev\" \/>\n<meta property=\"article:modified_time\" content=\"2019-03-10T15:30:53+00:00\" \/>\n<meta name=\"twitter:card\" content=\"summary_large_image\" \/>\n<meta name=\"twitter:label1\" content=\"Dur\u00e9e de lecture estim\u00e9e\" \/>\n\t<meta name=\"twitter:data1\" content=\"1 minute\" \/>\n<script type=\"application\/ld+json\" class=\"yoast-schema-graph\">{\"@context\":\"https:\/\/schema.org\",\"@graph\":[{\"@type\":\"WebPage\",\"@id\":\"https:\/\/kudryavtsev.ch\/fr\/\",\"url\":\"https:\/\/kudryavtsev.ch\/fr\/\",\"name\":\"Home - Anton Kudryavtsev\",\"isPartOf\":{\"@id\":\"https:\/\/kudryavtsev.ch\/fr\/#website\"},\"datePublished\":\"2019-02-15T19:52:20+00:00\",\"dateModified\":\"2019-03-10T15:30:53+00:00\",\"breadcrumb\":{\"@id\":\"https:\/\/kudryavtsev.ch\/fr\/#breadcrumb\"},\"inLanguage\":\"fr-FR\",\"potentialAction\":[{\"@type\":\"ReadAction\",\"target\":[\"https:\/\/kudryavtsev.ch\/fr\/\"]}]},{\"@type\":\"BreadcrumbList\",\"@id\":\"https:\/\/kudryavtsev.ch\/fr\/#breadcrumb\",\"itemListElement\":[{\"@type\":\"ListItem\",\"position\":1,\"name\":\"Accueil\",\"item\":\"https:\/\/kudryavtsev.ch\/fr\/\"},{\"@type\":\"ListItem\",\"position\":2,\"name\":\"Home\"}]},{\"@type\":\"WebSite\",\"@id\":\"https:\/\/kudryavtsev.ch\/fr\/#website\",\"url\":\"https:\/\/kudryavtsev.ch\/fr\/\",\"name\":\"Anton Kudryavtsev\",\"description\":\"Guitariste\",\"potentialAction\":[{\"@type\":\"SearchAction\",\"target\":{\"@type\":\"EntryPoint\",\"urlTemplate\":\"https:\/\/kudryavtsev.ch\/fr\/?s={search_term_string}\"},\"query-input\":\"required name=search_term_string\"}],\"inLanguage\":\"fr-FR\"}]}<\/script>\n<!-- \/ Yoast SEO plugin. -->","yoast_head_json":{"title":"Home - Anton Kudryavtsev","robots":{"index":"index","follow":"follow","max-snippet":"max-snippet:-1","max-image-preview":"max-image-preview:large","max-video-preview":"max-video-preview:-1"},"canonical":"https:\/\/kudryavtsev.ch\/fr\/","og_locale":"fr_FR","og_type":"article","og_title":"Home - Anton Kudryavtsev","og_description":"[vc_row iron_row_type=\u00a0\u00bbin_container\u00a0\u00bb iron_remove_padding_medium=\u00a0\u00bb\u00a0\u00bb iron_remove_padding_small=\u00a0\u00bb\u00a0\u00bb iron_overlay_pattern=\u00a0\u00bb\u00a0\u00bb iron_parallax=\u00a0\u00bb\u00a0\u00bb iron_bg_video=\u00a0\u00bb\u00a0\u00bb][vc_column][\/vc_column][\/vc_row][vc_row iron_row_type=\u00a0\u00bbfull_width\u00a0\u00bb iron_remove_padding_medium=\u00a0\u00bb\u00a0\u00bb iron_remove_padding_small=\u00a0\u00bbmobilenopadding\u00a0\u00bb iron_overlay_pattern=\u00a0\u00bb\u00a0\u00bb iron_parallax=\u00a0\u00bb\u00a0\u00bb iron_bg_video=\u00a0\u00bb\u00a0\u00bb css=\u00a0\u00bb.vc_custom_1550403961297{padding-top: 175px !important;padding-bottom: 138px !important;background-color: #ffffff !important;}\u00a0\u00bb][vc_column][vc_custom_heading text=\u00a0\u00bbCREDO\u00a0\u00bb font_container=\u00a0\u00bbtag:h2|font_size:48px|text_align:center|color:%230a0a0a|line_height:52px\u00a0\u00bb use_theme_fonts=\u00a0\u00bbyes\u00a0\u00bb fit_bg_text=\u00a0\u00bb0&Prime; el_class=\u00a0\u00bbletter-spacing10&Prime;][vc_row_inner iron_bg_video=\u00a0\u00bb\u00a0\u00bb css=\u00a0\u00bb.vc_custom_1473275622742{padding-bottom: 148px !important;}\u00a0\u00bb][vc_column_inner css=\u00a0\u00bb.vc_custom_1472592334104{padding-right: 15% !important;padding-bottom: 60px !important;padding-left: 15% !important;}\u00a0\u00bb][vc_column_text] La musique est l&rsquo;art de transmettre les impulsions, les mouvements, les demi-couleurs, les intonations, les raffinements les plus intimes, les plus beaux et les plus inexprimables de notre \u00e2me humaine. La guitare est l\u2019instrument qui r\u00e9pond au toucher l\u00e9g\u00e8r de doigts, qui donne la [&hellip;]","og_url":"https:\/\/kudryavtsev.ch\/fr\/","og_site_name":"Anton Kudryavtsev","article_modified_time":"2019-03-10T15:30:53+00:00","twitter_card":"summary_large_image","twitter_misc":{"Dur\u00e9e de lecture estim\u00e9e":"1 minute"},"schema":{"@context":"https:\/\/schema.org","@graph":[{"@type":"WebPage","@id":"https:\/\/kudryavtsev.ch\/fr\/","url":"https:\/\/kudryavtsev.ch\/fr\/","name":"Home - Anton Kudryavtsev","isPartOf":{"@id":"https:\/\/kudryavtsev.ch\/fr\/#website"},"datePublished":"2019-02-15T19:52:20+00:00","dateModified":"2019-03-10T15:30:53+00:00","breadcrumb":{"@id":"https:\/\/kudryavtsev.ch\/fr\/#breadcrumb"},"inLanguage":"fr-FR","potentialAction":[{"@type":"ReadAction","target":["https:\/\/kudryavtsev.ch\/fr\/"]}]},{"@type":"BreadcrumbList","@id":"https:\/\/kudryavtsev.ch\/fr\/#breadcrumb","itemListElement":[{"@type":"ListItem","position":1,"name":"Accueil","item":"https:\/\/kudryavtsev.ch\/fr\/"},{"@type":"ListItem","position":2,"name":"Home"}]},{"@type":"WebSite","@id":"https:\/\/kudryavtsev.ch\/fr\/#website","url":"https:\/\/kudryavtsev.ch\/fr\/","name":"Anton Kudryavtsev","description":"Guitariste","potentialAction":[{"@type":"SearchAction","target":{"@type":"EntryPoint","urlTemplate":"https:\/\/kudryavtsev.ch\/fr\/?s={search_term_string}"},"query-input":"required name=search_term_string"}],"inLanguage":"fr-FR"}]}},"_links":{"self":[{"href":"https:\/\/kudryavtsev.ch\/fr\/wp-json\/wp\/v2\/pages\/12"}],"collection":[{"href":"https:\/\/kudryavtsev.ch\/fr\/wp-json\/wp\/v2\/pages"}],"about":[{"href":"https:\/\/kudryavtsev.ch\/fr\/wp-json\/wp\/v2\/types\/page"}],"author":[{"embeddable":true,"href":"https:\/\/kudryavtsev.ch\/fr\/wp-json\/wp\/v2\/users\/1"}],"replies":[{"embeddable":true,"href":"https:\/\/kudryavtsev.ch\/fr\/wp-json\/wp\/v2\/comments?post=12"}],"version-history":[{"count":221,"href":"https:\/\/kudryavtsev.ch\/fr\/wp-json\/wp\/v2\/pages\/12\/revisions"}],"predecessor-version":[{"id":2603,"href":"https:\/\/kudryavtsev.ch\/fr\/wp-json\/wp\/v2\/pages\/12\/revisions\/2603"}],"wp:attachment":[{"href":"https:\/\/kudryavtsev.ch\/fr\/wp-json\/wp\/v2\/media?parent=12"}],"curies":[{"name":"wp","href":"https:\/\/api.w.org\/{rel}","templated":true}]}}