{"id":1467,"date":"2016-05-26T23:09:32","date_gmt":"2016-05-26T23:09:32","guid":{"rendered":"https:\/\/kudryavtsev.ch\/contact\/"},"modified":"2019-02-25T22:48:12","modified_gmt":"2019-02-25T21:48:12","slug":"contact","status":"publish","type":"page","link":"https:\/\/kudryavtsev.ch\/fr\/contact\/","title":{"rendered":"Contact"},"content":{"rendered":"<section class=\"wpb-content-wrapper\"><p>[vc_row gap=\u00a0\u00bb35&Prime; content_placement=\u00a0\u00bbtop\u00a0\u00bb iron_row_type=\u00a0\u00bbin_container\u00a0\u00bb iron_remove_padding_medium=\u00a0\u00bb\u00a0\u00bb iron_remove_padding_small=\u00a0\u00bb\u00a0\u00bb iron_overlay_pattern=\u00a0\u00bb\u00a0\u00bb iron_parallax=\u00a0\u00bb\u00a0\u00bb iron_bg_video=\u00a0\u00bb\u00a0\u00bb css=\u00a0\u00bb.vc_custom_1473362740962{margin-top: 250px !important;}\u00a0\u00bb][vc_column width=\u00a0\u00bb3\/4&Prime; css=\u00a0\u00bb.vc_custom_1464304867798{margin-bottom: 150px !important;}\u00a0\u00bb][vc_custom_heading text=\u00a0\u00bbCONTACTEZ MOI\u00a0\u00bb use_theme_fonts=\u00a0\u00bbyes\u00a0\u00bb fit_bg_text=\u00a0\u00bb0&Prime;][vc_separator color=\u00a0\u00bbcustom\u00a0\u00bb align=\u00a0\u00bbalign_left\u00a0\u00bb border_width=\u00a0\u00bb2&Prime; accent_color=\u00a0\u00bb#0a0a0a\u00a0\u00bb][vc_empty_space height=\u00a0\u00bb25px\u00a0\u00bb][vc_column_text]<\/p>\n<h5>Que \u00e7a soit pour un projet un int\u00e9ressant ou un simple message, n&rsquo;h\u00e9sitez pas \u00e0 me contacter.<\/h5>\n<p>[\/vc_column_text]\n<div class=\"wpcf7 no-js\" id=\"wpcf7-f442-o1\" lang=\"en-US\" dir=\"ltr\">\n<div class=\"screen-reader-response\"><p role=\"status\" aria-live=\"polite\" aria-atomic=\"true\"><\/p> <ul><\/ul><\/div>\n<form action=\"\/fr\/wp-json\/wp\/v2\/pages\/1467#wpcf7-f442-o1\" method=\"post\" class=\"wpcf7-form init\" aria-label=\"Contact form\" novalidate=\"novalidate\" data-status=\"init\">\n<div style=\"display: none;\">\n<input type=\"hidden\" name=\"_wpcf7\" value=\"442\" \/>\n<input type=\"hidden\" name=\"_wpcf7_version\" value=\"5.8.1\" \/>\n<input type=\"hidden\" name=\"_wpcf7_locale\" value=\"en_US\" \/>\n<input type=\"hidden\" name=\"_wpcf7_unit_tag\" value=\"wpcf7-f442-o1\" \/>\n<input type=\"hidden\" name=\"_wpcf7_container_post\" value=\"0\" \/>\n<input type=\"hidden\" name=\"_wpcf7_posted_data_hash\" value=\"\" \/>\n<\/div>\n<p>Nom*\n<\/p>\n<p><span class=\"wpcf7-form-control-wrap\" data-name=\"your-name\"><input size=\"40\" class=\"wpcf7-form-control wpcf7-text wpcf7-validates-as-required\" aria-required=\"true\" aria-invalid=\"false\" value=\"\" type=\"text\" name=\"your-name\" \/><\/span>\n<\/p>\n<p>Courriel*\n<\/p>\n<p><span class=\"wpcf7-form-control-wrap\" data-name=\"your-email\"><input size=\"40\" class=\"wpcf7-form-control wpcf7-email wpcf7-validates-as-required wpcf7-text wpcf7-validates-as-email\" aria-required=\"true\" aria-invalid=\"false\" value=\"\" type=\"email\" name=\"your-email\" \/><\/span>\n<\/p>\n<p>Objet\n<\/p>\n<p><span class=\"wpcf7-form-control-wrap\" data-name=\"your-subject\"><input size=\"40\" class=\"wpcf7-form-control wpcf7-text\" aria-invalid=\"false\" value=\"\" type=\"text\" name=\"your-subject\" \/><\/span>\n<\/p>\n<p>Message*\n<\/p>\n<p><span class=\"wpcf7-form-control-wrap\" data-name=\"your-message\"><textarea cols=\"40\" rows=\"10\" class=\"wpcf7-form-control wpcf7-textarea wpcf7-validates-as-required\" aria-required=\"true\" aria-invalid=\"false\" name=\"your-message\"><\/textarea><\/span>\n<\/p>\n<p><input class=\"wpcf7-form-control wpcf7-submit has-spinner\" type=\"submit\" value=\"Envoyer\" \/>\n<\/p><div class=\"wpcf7-response-output\" aria-hidden=\"true\"><\/div>\n<\/form>\n<\/div>\n[\/vc_column][vc_column width=\u00a0\u00bb1\/4&Prime;][vc_custom_heading text=\u00a0\u00bbCONTACT\u00a0\u00bb use_theme_fonts=\u00a0\u00bbyes\u00a0\u00bb fit_bg_text=\u00a0\u00bb0&Prime;][vc_separator color=\u00a0\u00bbcustom\u00a0\u00bb align=\u00a0\u00bbalign_left\u00a0\u00bb border_width=\u00a0\u00bb2&Prime; accent_color=\u00a0\u00bb#0a0a0a\u00a0\u00bb][vc_empty_space][vc_column_text]<\/p>\n<h4>MANAGEMENT<\/h4>\n<h5>SonoreSwiss S\u00e0rl<br \/>\n<a href=\"m&#97;&#105;&#x6c;&#x74;o&#58;&#105;&#x6e;&#x66;&#x6f;&#64;&#115;&#111;&#x6e;&#x6f;re&#115;&#x77;&#x69;&#x73;s&#46;&#99;&#x68;\" target=\"_blank\" rel=\"noopener noreferrer\">&#105;&#x6e;&#x66;o&#64;&#x73;o&#110;&#x6f;r&#101;&#x73;w&#105;&#x73;&#x73;&#46;&#x63;&#x68;<\/a><br \/>\n+41 78 900 75 22<\/h5>\n<p>[\/vc_column_text][\/vc_column][\/vc_row]<\/p>\n<\/section>","protected":false},"excerpt":{"rendered":"<p>[vc_row gap=\u00a0\u00bb35&Prime; content_placement=\u00a0\u00bbtop\u00a0\u00bb iron_row_type=\u00a0\u00bbin_container\u00a0\u00bb iron_remove_padding_medium=\u00a0\u00bb\u00a0\u00bb iron_remove_padding_small=\u00a0\u00bb\u00a0\u00bb iron_overlay_pattern=\u00a0\u00bb\u00a0\u00bb iron_parallax=\u00a0\u00bb\u00a0\u00bb iron_bg_video=\u00a0\u00bb\u00a0\u00bb css=\u00a0\u00bb.vc_custom_1473362740962{margin-top: 250px !important;}\u00a0\u00bb][vc_column width=\u00a0\u00bb3\/4&Prime; css=\u00a0\u00bb.vc_custom_1464304867798{margin-bottom: 150px !important;}\u00a0\u00bb][vc_custom_heading text=\u00a0\u00bbCONTACTEZ MOI\u00a0\u00bb use_theme_fonts=\u00a0\u00bbyes\u00a0\u00bb fit_bg_text=\u00a0\u00bb0&Prime;][vc_separator color=\u00a0\u00bbcustom\u00a0\u00bb align=\u00a0\u00bbalign_left\u00a0\u00bb border_width=\u00a0\u00bb2&Prime; accent_color=\u00a0\u00bb#0a0a0a\u00a0\u00bb][vc_empty_space height=\u00a0\u00bb25px\u00a0\u00bb][vc_column_text] Que \u00e7a soit pour un projet un int\u00e9ressant ou un simple message, n&rsquo;h\u00e9sitez pas \u00e0 me contacter. [\/vc_column_text][\/vc_column][vc_column width=\u00a0\u00bb1\/4&Prime;][vc_custom_heading text=\u00a0\u00bbCONTACT\u00a0\u00bb use_theme_fonts=\u00a0\u00bbyes\u00a0\u00bb fit_bg_text=\u00a0\u00bb0&Prime;][vc_separator color=\u00a0\u00bbcustom\u00a0\u00bb align=\u00a0\u00bbalign_left\u00a0\u00bb border_width=\u00a0\u00bb2&Prime; accent_color=\u00a0\u00bb#0a0a0a\u00a0\u00bb][vc_empty_space][vc_column_text] MANAGEMENT SonoreSwiss S\u00e0rl &#105;n&#x66;o&#x40;s&#x6f;n&#x6f;r&#x65;s&#x77;&#105;&#x73;&#115;&#x2e;&#99;&#x68; +41 78 900 75 22 [\/vc_column_text][\/vc_column][\/vc_row]<\/p>\n","protected":false},"author":2,"featured_media":0,"parent":0,"menu_order":0,"comment_status":"closed","ping_status":"closed","template":"","meta":{"footnotes":""},"yoast_head":"<!-- This site is optimized with the Yoast SEO plugin v21.3 - https:\/\/yoast.com\/wordpress\/plugins\/seo\/ -->\n<title>Contact - Anton Kudryavtsev<\/title>\n<meta name=\"robots\" content=\"index, follow, max-snippet:-1, max-image-preview:large, max-video-preview:-1\" \/>\n<link rel=\"canonical\" href=\"https:\/\/kudryavtsev.ch\/fr\/contact\/\" \/>\n<meta property=\"og:locale\" content=\"fr_FR\" \/>\n<meta property=\"og:type\" content=\"article\" \/>\n<meta property=\"og:title\" content=\"Contact - Anton Kudryavtsev\" \/>\n<meta property=\"og:description\" content=\"[vc_row gap=\u00a0\u00bb35&Prime; content_placement=\u00a0\u00bbtop\u00a0\u00bb iron_row_type=\u00a0\u00bbin_container\u00a0\u00bb iron_remove_padding_medium=\u00a0\u00bb\u00a0\u00bb iron_remove_padding_small=\u00a0\u00bb\u00a0\u00bb iron_overlay_pattern=\u00a0\u00bb\u00a0\u00bb iron_parallax=\u00a0\u00bb\u00a0\u00bb iron_bg_video=\u00a0\u00bb\u00a0\u00bb css=\u00a0\u00bb.vc_custom_1473362740962{margin-top: 250px !important;}\u00a0\u00bb][vc_column width=\u00a0\u00bb3\/4&Prime; css=\u00a0\u00bb.vc_custom_1464304867798{margin-bottom: 150px !important;}\u00a0\u00bb][vc_custom_heading text=\u00a0\u00bbCONTACTEZ MOI\u00a0\u00bb use_theme_fonts=\u00a0\u00bbyes\u00a0\u00bb fit_bg_text=\u00a0\u00bb0&Prime;][vc_separator color=\u00a0\u00bbcustom\u00a0\u00bb align=\u00a0\u00bbalign_left\u00a0\u00bb border_width=\u00a0\u00bb2&Prime; accent_color=\u00a0\u00bb#0a0a0a\u00a0\u00bb][vc_empty_space height=\u00a0\u00bb25px\u00a0\u00bb][vc_column_text] Que \u00e7a soit pour un projet un int\u00e9ressant ou un simple message, n&rsquo;h\u00e9sitez pas \u00e0 me contacter. [\/vc_column_text][\/vc_column][vc_column width=\u00a0\u00bb1\/4&Prime;][vc_custom_heading text=\u00a0\u00bbCONTACT\u00a0\u00bb use_theme_fonts=\u00a0\u00bbyes\u00a0\u00bb fit_bg_text=\u00a0\u00bb0&Prime;][vc_separator color=\u00a0\u00bbcustom\u00a0\u00bb align=\u00a0\u00bbalign_left\u00a0\u00bb border_width=\u00a0\u00bb2&Prime; accent_color=\u00a0\u00bb#0a0a0a\u00a0\u00bb][vc_empty_space][vc_column_text] MANAGEMENT SonoreSwiss S\u00e0rl &#x69;&#x6e;&#x66;&#x6f;&#064;&#115;ono&#x72;&#x65;&#x73;&#x77;&#105;&#115;s&#046;c&#x68; +41 78 900 75 22 [\/vc_column_text][\/vc_column][\/vc_row]\" \/>\n<meta property=\"og:url\" content=\"https:\/\/kudryavtsev.ch\/fr\/contact\/\" \/>\n<meta property=\"og:site_name\" content=\"Anton Kudryavtsev\" \/>\n<meta property=\"article:modified_time\" content=\"2019-02-25T21:48:12+00:00\" \/>\n<meta name=\"twitter:card\" content=\"summary_large_image\" \/>\n<meta name=\"twitter:label1\" content=\"Dur\u00e9e de lecture estim\u00e9e\" \/>\n\t<meta name=\"twitter:data1\" content=\"1 minute\" \/>\n<script type=\"application\/ld+json\" class=\"yoast-schema-graph\">{\"@context\":\"https:\/\/schema.org\",\"@graph\":[{\"@type\":\"WebPage\",\"@id\":\"https:\/\/kudryavtsev.ch\/fr\/contact\/\",\"url\":\"https:\/\/kudryavtsev.ch\/fr\/contact\/\",\"name\":\"Contact - Anton Kudryavtsev\",\"isPartOf\":{\"@id\":\"https:\/\/kudryavtsev.ch\/fr\/#website\"},\"datePublished\":\"2016-05-26T23:09:32+00:00\",\"dateModified\":\"2019-02-25T21:48:12+00:00\",\"breadcrumb\":{\"@id\":\"https:\/\/kudryavtsev.ch\/fr\/contact\/#breadcrumb\"},\"inLanguage\":\"fr-FR\",\"potentialAction\":[{\"@type\":\"ReadAction\",\"target\":[\"https:\/\/kudryavtsev.ch\/fr\/contact\/\"]}]},{\"@type\":\"BreadcrumbList\",\"@id\":\"https:\/\/kudryavtsev.ch\/fr\/contact\/#breadcrumb\",\"itemListElement\":[{\"@type\":\"ListItem\",\"position\":1,\"name\":\"Accueil\",\"item\":\"https:\/\/kudryavtsev.ch\/fr\/\"},{\"@type\":\"ListItem\",\"position\":2,\"name\":\"Contact\"}]},{\"@type\":\"WebSite\",\"@id\":\"https:\/\/kudryavtsev.ch\/fr\/#website\",\"url\":\"https:\/\/kudryavtsev.ch\/fr\/\",\"name\":\"Anton Kudryavtsev\",\"description\":\"Guitariste\",\"potentialAction\":[{\"@type\":\"SearchAction\",\"target\":{\"@type\":\"EntryPoint\",\"urlTemplate\":\"https:\/\/kudryavtsev.ch\/fr\/?s={search_term_string}\"},\"query-input\":\"required name=search_term_string\"}],\"inLanguage\":\"fr-FR\"}]}<\/script>\n<!-- \/ Yoast SEO plugin. -->","yoast_head_json":{"title":"Contact - Anton Kudryavtsev","robots":{"index":"index","follow":"follow","max-snippet":"max-snippet:-1","max-image-preview":"max-image-preview:large","max-video-preview":"max-video-preview:-1"},"canonical":"https:\/\/kudryavtsev.ch\/fr\/contact\/","og_locale":"fr_FR","og_type":"article","og_title":"Contact - Anton Kudryavtsev","og_description":"[vc_row gap=\u00a0\u00bb35&Prime; content_placement=\u00a0\u00bbtop\u00a0\u00bb iron_row_type=\u00a0\u00bbin_container\u00a0\u00bb iron_remove_padding_medium=\u00a0\u00bb\u00a0\u00bb iron_remove_padding_small=\u00a0\u00bb\u00a0\u00bb iron_overlay_pattern=\u00a0\u00bb\u00a0\u00bb iron_parallax=\u00a0\u00bb\u00a0\u00bb iron_bg_video=\u00a0\u00bb\u00a0\u00bb css=\u00a0\u00bb.vc_custom_1473362740962{margin-top: 250px !important;}\u00a0\u00bb][vc_column width=\u00a0\u00bb3\/4&Prime; css=\u00a0\u00bb.vc_custom_1464304867798{margin-bottom: 150px !important;}\u00a0\u00bb][vc_custom_heading text=\u00a0\u00bbCONTACTEZ MOI\u00a0\u00bb use_theme_fonts=\u00a0\u00bbyes\u00a0\u00bb fit_bg_text=\u00a0\u00bb0&Prime;][vc_separator color=\u00a0\u00bbcustom\u00a0\u00bb align=\u00a0\u00bbalign_left\u00a0\u00bb border_width=\u00a0\u00bb2&Prime; accent_color=\u00a0\u00bb#0a0a0a\u00a0\u00bb][vc_empty_space height=\u00a0\u00bb25px\u00a0\u00bb][vc_column_text] Que \u00e7a soit pour un projet un int\u00e9ressant ou un simple message, n&rsquo;h\u00e9sitez pas \u00e0 me contacter. [\/vc_column_text][\/vc_column][vc_column width=\u00a0\u00bb1\/4&Prime;][vc_custom_heading text=\u00a0\u00bbCONTACT\u00a0\u00bb use_theme_fonts=\u00a0\u00bbyes\u00a0\u00bb fit_bg_text=\u00a0\u00bb0&Prime;][vc_separator color=\u00a0\u00bbcustom\u00a0\u00bb align=\u00a0\u00bbalign_left\u00a0\u00bb border_width=\u00a0\u00bb2&Prime; accent_color=\u00a0\u00bb#0a0a0a\u00a0\u00bb][vc_empty_space][vc_column_text] MANAGEMENT SonoreSwiss S\u00e0rl i&#110;&#102;&#x6f;&#x40;so&#110;&#111;&#x72;&#x65;sw&#105;&#115;&#x73;&#x2e;ch +41 78 900 75 22 [\/vc_column_text][\/vc_column][\/vc_row]","og_url":"https:\/\/kudryavtsev.ch\/fr\/contact\/","og_site_name":"Anton Kudryavtsev","article_modified_time":"2019-02-25T21:48:12+00:00","twitter_card":"summary_large_image","twitter_misc":{"Dur\u00e9e de lecture estim\u00e9e":"1 minute"},"schema":{"@context":"https:\/\/schema.org","@graph":[{"@type":"WebPage","@id":"https:\/\/kudryavtsev.ch\/fr\/contact\/","url":"https:\/\/kudryavtsev.ch\/fr\/contact\/","name":"Contact - Anton Kudryavtsev","isPartOf":{"@id":"https:\/\/kudryavtsev.ch\/fr\/#website"},"datePublished":"2016-05-26T23:09:32+00:00","dateModified":"2019-02-25T21:48:12+00:00","breadcrumb":{"@id":"https:\/\/kudryavtsev.ch\/fr\/contact\/#breadcrumb"},"inLanguage":"fr-FR","potentialAction":[{"@type":"ReadAction","target":["https:\/\/kudryavtsev.ch\/fr\/contact\/"]}]},{"@type":"BreadcrumbList","@id":"https:\/\/kudryavtsev.ch\/fr\/contact\/#breadcrumb","itemListElement":[{"@type":"ListItem","position":1,"name":"Accueil","item":"https:\/\/kudryavtsev.ch\/fr\/"},{"@type":"ListItem","position":2,"name":"Contact"}]},{"@type":"WebSite","@id":"https:\/\/kudryavtsev.ch\/fr\/#website","url":"https:\/\/kudryavtsev.ch\/fr\/","name":"Anton Kudryavtsev","description":"Guitariste","potentialAction":[{"@type":"SearchAction","target":{"@type":"EntryPoint","urlTemplate":"https:\/\/kudryavtsev.ch\/fr\/?s={search_term_string}"},"query-input":"required name=search_term_string"}],"inLanguage":"fr-FR"}]}},"_links":{"self":[{"href":"https:\/\/kudryavtsev.ch\/fr\/wp-json\/wp\/v2\/pages\/1467"}],"collection":[{"href":"https:\/\/kudryavtsev.ch\/fr\/wp-json\/wp\/v2\/pages"}],"about":[{"href":"https:\/\/kudryavtsev.ch\/fr\/wp-json\/wp\/v2\/types\/page"}],"author":[{"embeddable":true,"href":"https:\/\/kudryavtsev.ch\/fr\/wp-json\/wp\/v2\/users\/2"}],"replies":[{"embeddable":true,"href":"https:\/\/kudryavtsev.ch\/fr\/wp-json\/wp\/v2\/comments?post=1467"}],"version-history":[{"count":7,"href":"https:\/\/kudryavtsev.ch\/fr\/wp-json\/wp\/v2\/pages\/1467\/revisions"}],"predecessor-version":[{"id":1792,"href":"https:\/\/kudryavtsev.ch\/fr\/wp-json\/wp\/v2\/pages\/1467\/revisions\/1792"}],"wp:attachment":[{"href":"https:\/\/kudryavtsev.ch\/fr\/wp-json\/wp\/v2\/media?parent=1467"}],"curies":[{"name":"wp","href":"https:\/\/api.w.org\/{rel}","templated":true}]}}