{"id":85,"date":"2016-05-22T21:02:56","date_gmt":"2016-05-22T21:02:56","guid":{"rendered":"http:\/\/kudryavtsev.ch\/?page_id=85"},"modified":"2019-08-18T16:02:02","modified_gmt":"2019-08-18T14:02:02","slug":"bio","status":"publish","type":"page","link":"https:\/\/kudryavtsev.ch\/fr\/bio\/","title":{"rendered":"Bio"},"content":{"rendered":"<section class=\"wpb-content-wrapper\"><p>[vc_row iron_row_type=\u00a0\u00bbfull_width\u00a0\u00bb iron_remove_padding_medium=\u00a0\u00bb\u00a0\u00bb iron_remove_padding_small=\u00a0\u00bb\u00a0\u00bb iron_overlay_pattern=\u00a0\u00bb\u00a0\u00bb iron_parallax=\u00a0\u00bb\u00a0\u00bb iron_bg_video=\u00a0\u00bb\u00a0\u00bb css=\u00a0\u00bb.vc_custom_1473360041373{background-position: center !important;background-repeat: no-repeat !important;background-size: cover !important;}\u00a0\u00bb][vc_column][rev_slider_vc alias=\u00a0\u00bbbio-slider-fr\u00a0\u00bb][\/vc_column][\/vc_row][vc_row iron_row_type=\u00a0\u00bbin_container\u00a0\u00bb iron_remove_padding_medium=\u00a0\u00bb\u00a0\u00bb iron_remove_padding_small=\u00a0\u00bbmobilenopadding\u00a0\u00bb iron_overlay_pattern=\u00a0\u00bb\u00a0\u00bb iron_parallax=\u00a0\u00bb\u00a0\u00bb iron_bg_video=\u00a0\u00bb\u00a0\u00bb css=\u00a0\u00bb.vc_custom_1472849847028{padding-top: 100px !important;padding-bottom: 125px !important;}\u00a0\u00bb][vc_column css=\u00a0\u00bb.vc_custom_1466002028564{padding-right: 15% !important;padding-left: 15% !important;}\u00a0\u00bb][vc_custom_heading source=\u00a0\u00bbpost_title\u00a0\u00bb font_container=\u00a0\u00bbtag:h1|font_size:21px|text_align:center|color:%23131112|line_height:24px\u00a0\u00bb use_theme_fonts=\u00a0\u00bbyes\u00a0\u00bb fit_bg_text=\u00a0\u00bb0&Prime; css=\u00a0\u00bb.vc_custom_1472849875549{margin-bottom: 11px !important;}\u00a0\u00bb]\t<div class=\"dividerwrap\" style=\"padding-top:12px; padding-bottom:64px;\">\r\n\t\t<div class=\"defaultdivider center\" style=\"background-color:#131112\"><\/div>\r\n\t\t<div class=\"clear\"><\/div>\r\n\t<\/div>[vc_column_text css=\u00a0\u00bb.vc_custom_1550612230733{padding-right: 10px !important;padding-bottom: 78px !important;padding-left: 10px !important;}\u00a0\u00bb]<img decoding=\"async\" loading=\"lazy\" class=\"size-medium wp-image-1409 alignright\" src=\"https:\/\/kudryavtsev.ch\/wp-content\/uploads\/2019\/02\/anton-kudryavtsev-373x559.jpg\" alt=\"\" width=\"373\" height=\"559\" srcset=\"https:\/\/kudryavtsev.ch\/wp-content\/uploads\/2019\/02\/anton-kudryavtsev-373x559.jpg 373w, https:\/\/kudryavtsev.ch\/wp-content\/uploads\/2019\/02\/anton-kudryavtsev-768x1151.jpg 768w, https:\/\/kudryavtsev.ch\/wp-content\/uploads\/2019\/02\/anton-kudryavtsev-684x1024.jpg 684w, https:\/\/kudryavtsev.ch\/wp-content\/uploads\/2019\/02\/anton-kudryavtsev.jpg 1335w\" sizes=\"(max-width: 373px) 100vw, 373px\" \/>N\u00e9 \u00e0 Dniepropetrovsk en Ukraine, il vit en Suisse depuis 1996. Passionn\u00e9 par la musique d\u00e8s son plus jeune \u00e2ge, il commence des \u00e9tudes de guitare \u00e0 l&rsquo;\u00e2ge de 11 ans.<\/p>\n<p>Il d\u00e9bute les \u00e9tudes professionnelles au Coll\u00e8ge de Musique de sa ville natale puis au Conservatoire de Saint-P\u00e9tersbourg aupr\u00e8s du Professeur E. Larionov. Apr\u00e8s avoir obtenu son dipl\u00f4me de concert, il a enseign\u00e9 \u00e0 l&rsquo;Acad\u00e9mie de Musique de Saint-P\u00e9tersbourg dans la section professionnelle et donn\u00e9 de nombreux concerts. En 1996, il vient en Suisse pour se perfectionner.<\/p>\n<p>Il obtint le dipl\u00f4me de concert au Conservatoire de Bienne dans la classe de Michel Rutscho puis le dipl\u00f4me de soliste \u00e0 la Haute Ecole de Musique et Th\u00e9\u00e2tre de Berne aupr\u00e8s de Stephan Schmidt.<\/p>\n<p>Il est laur\u00e9at des concours:<\/p>\n<ul>\n<li>1986-1990 quatre concours r\u00e9gionaux et nationaux d&rsquo;Ukraine<\/li>\n<li>1994 3\u00e8me prix du concours international \u201cCup of the North\u201d en Russie<\/li>\n<li>1997 Premier prix du concours international \u00e0 Ath\u00e8nes<\/li>\n<li>1999 Premier prix du concours interr\u00e9gional \u00e0 Montb\u00e9liard (France)<\/li>\n<li>1999 Premier prix du concours international de Taranto (Italie)<\/li>\n<\/ul>\n<p>R\u00e9sidant en Suisse avec sa famille, il a une activit\u00e9 de professeur de guitare et concertiste.<\/p>\n<p>Ses prestations musicales en tant que soliste de r\u00e9citals et soliste avec orchestre ont eu lieu en Russie, Gr\u00e8ce, France, Allemagne, Pays-Bas, Ukraine et Italie.<\/p>\n<p>Int\u00e9ress\u00e9 par la musique de chambre, il a donn\u00e9 des concerts avec fl\u00fbte, violon, chant et dans les divers ensembles de guitares.<\/p>\n<p>Anton Kudryavtsev a jou\u00e9 comme soliste avec: l&rsquo;Orchestre Symphonique de Berne, la Soci\u00e9t\u00e9 d&rsquo;Orchestre de Bienne, l&rsquo;Orchestre Municipal de Saint-P\u00e9tersbourg, et l&rsquo;Orchestre Symphonique National d&rsquo;Ukraine.<\/p>\n<p>Il a particip\u00e9 aux festivals de musique: \u00ab\u00a0Printemps 1995\u00a0\u00bb de Saint-P\u00e9tersbourg, CHAIN \u00e0 Enschede aux Pays-Bas, 12e festival international de guitare de Templin (Allemagne) ainsi qu&rsquo;aux festivals de musique contemporaine de Kiev \u00ab\u00a0Music premiers of the season\u00a0\u00bb et de Lvov \u00ab\u00a0Contrasts\u00a0\u00bb. Anton Kudryavtsev enseigne \u00e0 l&rsquo;Ecole Jurassienne et Conservatoire de Del\u00e9mont, \u00c9cole de Musique de Jura Bernois, et \u00e0 l&rsquo;Ecole de Musique d\u2019Olten. Il a donn\u00e9 plusieurs cours de ma\u00eetre en Ukraine, Allemagne et en Suisse.<\/p>\n<p>Son ouverture pour la musique contemporaine ainsi que sa capacit\u00e9 d&rsquo;interpr\u00e9tation ont motiv\u00e9 plusieurs compositeurs \u00e0 \u00e9crire pour lui. Entre autres: Vladimir Tsitovich, Vasiliy Micheenko, Alfred Schweizer, Christian Giger et Andreas Pfl\u00fcger.<\/p>\n<p>Son r\u00e9pertoire s&rsquo;\u00e9tend de la musique de la Renaissance jusqu&rsquo;\u00e0 la musique actuelle.[\/vc_column_text][vc_single_image image=\u00a0\u00bb1126&Prime; img_size=\u00a0\u00bbfull\u00a0\u00bb alignment=\u00a0\u00bbcenter\u00a0\u00bb img_fullwidth=\u00a0\u00bb0&Prime;][\/vc_column][\/vc_row][vc_row iron_row_type=\u00a0\u00bbfull_width\u00a0\u00bb iron_remove_padding_medium=\u00a0\u00bbtabletnopadding\u00a0\u00bb iron_remove_padding_small=\u00a0\u00bb\u00a0\u00bb iron_overlay_pattern=\u00a0\u00bb\u00a0\u00bb iron_parallax=\u00a0\u00bb\u00a0\u00bb iron_bg_video=\u00a0\u00bb\u00a0\u00bb css=\u00a0\u00bb.vc_custom_1472850427509{padding-top: 100px !important;padding-bottom: 30px !important;background-color: #131112 !important;}\u00a0\u00bb][vc_column][vc_custom_heading text=\u00a0\u00bbDISCOGRAPHIE\u00a0\u00bb font_container=\u00a0\u00bbtag:h2|font_size:21px|text_align:center|color:%23f5f5f5|line_height:24px\u00a0\u00bb use_theme_fonts=\u00a0\u00bbyes\u00a0\u00bb fit_bg_text=\u00a0\u00bb0&Prime;]\t<div class=\"dividerwrap\" style=\"padding-top:12px; padding-bottom:35px;\">\r\n\t\t<div class=\"defaultdivider center\" style=\"background-color:#f5f5f5\"><\/div>\r\n\t\t<div class=\"clear\"><\/div>\r\n\t<\/div>[vc_row_inner equal_height=\u00a0\u00bbyes\u00a0\u00bb iron_bg_video=\u00a0\u00bb\u00a0\u00bb][vc_column_inner width=\u00a0\u00bb3\/4&Prime; offset=\u00a0\u00bbvc_col-lg-offset-3 vc_col-lg-4 vc_col-md-offset-2 vc_col-md-5 vc_col-sm-offset-3 vc_col-xs-offset-2&Prime; css=\u00a0\u00bb.vc_custom_1464205621809{padding-left: 5px !important;}\u00a0\u00bb][vc_column_text]<span style=\"color: #f5f5f5;\">1997\u00a0 \u00a0 \u00a0 \u00a0 \u00a0GUITAR CONTEST IN ATHEN<\/span>[\/vc_column_text][\/vc_column_inner][vc_column_inner width=\u00a0\u00bb1\/2&Prime; offset=\u00a0\u00bbvc_col-lg-5 vc_col-md-5 vc_hidden-sm vc_hidden-xs\u00a0\u00bb][vc_column_text]<span style=\"color: #f5f5f5;\">LE CONSERVATOIRE PHILIPPOS\u00a0 NAKAS<\/span>[\/vc_column_text][\/vc_column_inner][\/vc_row_inner][vc_row_inner equal_height=\u00a0\u00bbyes\u00a0\u00bb iron_bg_video=\u00a0\u00bb\u00a0\u00bb][vc_column_inner width=\u00a0\u00bb3\/4&Prime; offset=\u00a0\u00bbvc_col-lg-offset-3 vc_col-lg-4 vc_col-md-offset-2 vc_col-md-5 vc_col-sm-offset-3 vc_col-xs-offset-2&Prime; css=\u00a0\u00bb.vc_custom_1464205621809{padding-left: 5px !important;}\u00a0\u00bb][vc_column_text]<span style=\"color: #f5f5f5;\">2001\u00a0 \u00a0 \u00a0 \u00a0 \u00a0 MINIMAL MODAL GUITAR<\/span>[\/vc_column_text][\/vc_column_inner][vc_column_inner width=\u00a0\u00bb1\/2&Prime; offset=\u00a0\u00bbvc_col-lg-5 vc_col-md-5 vc_hidden-sm vc_hidden-xs\u00a0\u00bb][vc_column_text]<span style=\"color: #f5f5f5;\">&lt;&lt;&lt; CLASSIC 2000 &gt;&gt;&gt;<\/span>[\/vc_column_text][\/vc_column_inner][\/vc_row_inner][\/vc_column][\/vc_row][vc_row iron_row_type=\u00a0\u00bbfull_width\u00a0\u00bb iron_remove_padding_medium=\u00a0\u00bb\u00a0\u00bb iron_remove_padding_small=\u00a0\u00bb\u00a0\u00bb iron_overlay_pattern=\u00a0\u00bb\u00a0\u00bb iron_parallax=\u00a0\u00bb\u00a0\u00bb iron_bg_video=\u00a0\u00bb\u00a0\u00bb css=\u00a0\u00bb.vc_custom_1472849337768{padding-top: 100px !important;padding-bottom: 100px !important;background-color: #131112 !important;}\u00a0\u00bb][vc_column][vc_custom_heading text=\u00a0\u00bbMEDIA\u00a0\u00bb font_container=\u00a0\u00bbtag:h2|font_size:21px|text_align:center|color:%23f5f5f5|line_height:24px\u00a0\u00bb use_theme_fonts=\u00a0\u00bbyes\u00a0\u00bb fit_bg_text=\u00a0\u00bb0&Prime;]\t<div class=\"dividerwrap\" style=\"padding-top:12px; padding-bottom:75px;\">\r\n\t\t<div class=\"defaultdivider center\" style=\"background-color:#f5f5f5\"><\/div>\r\n\t\t<div class=\"clear\"><\/div>\r\n\t<\/div>[vc_video link=\u00a0\u00bbhttps:\/\/youtu.be\/IuTsq4gXG7Q\u00a0\u00bb el_width=\u00a0\u00bb70&Prime; align=\u00a0\u00bbcenter\u00a0\u00bb]\t<div class=\"dividerwrap\" style=\"padding-top:12px; padding-bottom:12px;\">\r\n\t\t<div class=\"defaultdivider center\" style=\"background-color:#f5f5f5\"><\/div>\r\n\t\t<div class=\"clear\"><\/div>\r\n\t<\/div>[vc_video link=\u00a0\u00bbhttps:\/\/youtu.be\/vXqW35bz9Po\u00a0\u00bb el_width=\u00a0\u00bb70&Prime; align=\u00a0\u00bbcenter\u00a0\u00bb][\/vc_column][\/vc_row]<\/p>\n<\/section>","protected":false},"excerpt":{"rendered":"<p>[vc_row iron_row_type=\u00a0\u00bbfull_width\u00a0\u00bb iron_remove_padding_medium=\u00a0\u00bb\u00a0\u00bb iron_remove_padding_small=\u00a0\u00bb\u00a0\u00bb iron_overlay_pattern=\u00a0\u00bb\u00a0\u00bb iron_parallax=\u00a0\u00bb\u00a0\u00bb iron_bg_video=\u00a0\u00bb\u00a0\u00bb css=\u00a0\u00bb.vc_custom_1473360041373{background-position: center !important;background-repeat: no-repeat !important;background-size: cover !important;}\u00a0\u00bb][vc_column][rev_slider_vc alias=\u00a0\u00bbbio-slider-fr\u00a0\u00bb][\/vc_column][\/vc_row][vc_row iron_row_type=\u00a0\u00bbin_container\u00a0\u00bb iron_remove_padding_medium=\u00a0\u00bb\u00a0\u00bb iron_remove_padding_small=\u00a0\u00bbmobilenopadding\u00a0\u00bb iron_overlay_pattern=\u00a0\u00bb\u00a0\u00bb iron_parallax=\u00a0\u00bb\u00a0\u00bb iron_bg_video=\u00a0\u00bb\u00a0\u00bb css=\u00a0\u00bb.vc_custom_1472849847028{padding-top: 100px !important;padding-bottom: 125px !important;}\u00a0\u00bb][vc_column css=\u00a0\u00bb.vc_custom_1466002028564{padding-right: 15% !important;padding-left: 15% !important;}\u00a0\u00bb][vc_custom_heading source=\u00a0\u00bbpost_title\u00a0\u00bb font_container=\u00a0\u00bbtag:h1|font_size:21px|text_align:center|color:%23131112|line_height:24px\u00a0\u00bb use_theme_fonts=\u00a0\u00bbyes\u00a0\u00bb fit_bg_text=\u00a0\u00bb0&Prime; css=\u00a0\u00bb.vc_custom_1472849875549{margin-bottom: 11px !important;}\u00a0\u00bb][vc_column_text css=\u00a0\u00bb.vc_custom_1550612230733{padding-right: 10px !important;padding-bottom: 78px !important;padding-left: 10px !important;}\u00a0\u00bb]N\u00e9 \u00e0 Dniepropetrovsk en Ukraine, il vit en Suisse depuis 1996. Passionn\u00e9 par la musique d\u00e8s son plus jeune \u00e2ge, il commence des \u00e9tudes de guitare \u00e0 l&rsquo;\u00e2ge de 11 ans. Il d\u00e9bute les \u00e9tudes professionnelles [&hellip;]<\/p>\n","protected":false},"author":2,"featured_media":0,"parent":0,"menu_order":0,"comment_status":"closed","ping_status":"closed","template":"","meta":{"footnotes":""},"yoast_head":"<!-- This site is optimized with the Yoast SEO plugin v21.3 - https:\/\/yoast.com\/wordpress\/plugins\/seo\/ -->\n<title>Bio - Anton Kudryavtsev<\/title>\n<meta name=\"robots\" content=\"index, follow, max-snippet:-1, max-image-preview:large, max-video-preview:-1\" \/>\n<link rel=\"canonical\" href=\"https:\/\/kudryavtsev.ch\/fr\/bio\/\" \/>\n<meta property=\"og:locale\" content=\"fr_FR\" \/>\n<meta property=\"og:type\" content=\"article\" \/>\n<meta property=\"og:title\" content=\"Bio - Anton Kudryavtsev\" \/>\n<meta property=\"og:description\" content=\"[vc_row iron_row_type=\u00a0\u00bbfull_width\u00a0\u00bb iron_remove_padding_medium=\u00a0\u00bb\u00a0\u00bb iron_remove_padding_small=\u00a0\u00bb\u00a0\u00bb iron_overlay_pattern=\u00a0\u00bb\u00a0\u00bb iron_parallax=\u00a0\u00bb\u00a0\u00bb iron_bg_video=\u00a0\u00bb\u00a0\u00bb css=\u00a0\u00bb.vc_custom_1473360041373{background-position: center !important;background-repeat: no-repeat !important;background-size: cover !important;}\u00a0\u00bb][vc_column][rev_slider_vc alias=\u00a0\u00bbbio-slider-fr\u00a0\u00bb][\/vc_column][\/vc_row][vc_row iron_row_type=\u00a0\u00bbin_container\u00a0\u00bb iron_remove_padding_medium=\u00a0\u00bb\u00a0\u00bb iron_remove_padding_small=\u00a0\u00bbmobilenopadding\u00a0\u00bb iron_overlay_pattern=\u00a0\u00bb\u00a0\u00bb iron_parallax=\u00a0\u00bb\u00a0\u00bb iron_bg_video=\u00a0\u00bb\u00a0\u00bb css=\u00a0\u00bb.vc_custom_1472849847028{padding-top: 100px !important;padding-bottom: 125px !important;}\u00a0\u00bb][vc_column css=\u00a0\u00bb.vc_custom_1466002028564{padding-right: 15% !important;padding-left: 15% !important;}\u00a0\u00bb][vc_custom_heading source=\u00a0\u00bbpost_title\u00a0\u00bb font_container=\u00a0\u00bbtag:h1|font_size:21px|text_align:center|color:%23131112|line_height:24px\u00a0\u00bb use_theme_fonts=\u00a0\u00bbyes\u00a0\u00bb fit_bg_text=\u00a0\u00bb0&Prime; css=\u00a0\u00bb.vc_custom_1472849875549{margin-bottom: 11px !important;}\u00a0\u00bb][vc_column_text css=\u00a0\u00bb.vc_custom_1550612230733{padding-right: 10px !important;padding-bottom: 78px !important;padding-left: 10px !important;}\u00a0\u00bb]N\u00e9 \u00e0 Dniepropetrovsk en Ukraine, il vit en Suisse depuis 1996. Passionn\u00e9 par la musique d\u00e8s son plus jeune \u00e2ge, il commence des \u00e9tudes de guitare \u00e0 l&rsquo;\u00e2ge de 11 ans. Il d\u00e9bute les \u00e9tudes professionnelles [&hellip;]\" \/>\n<meta property=\"og:url\" content=\"https:\/\/kudryavtsev.ch\/fr\/bio\/\" \/>\n<meta property=\"og:site_name\" content=\"Anton Kudryavtsev\" \/>\n<meta property=\"article:modified_time\" content=\"2019-08-18T14:02:02+00:00\" \/>\n<meta property=\"og:image\" content=\"https:\/\/kudryavtsev.ch\/wp-content\/uploads\/2019\/02\/anton-kudryavtsev-373x559.jpg\" \/>\n<meta name=\"twitter:card\" content=\"summary_large_image\" \/>\n<meta name=\"twitter:label1\" content=\"Dur\u00e9e de lecture estim\u00e9e\" \/>\n\t<meta name=\"twitter:data1\" content=\"5 minutes\" \/>\n<script type=\"application\/ld+json\" class=\"yoast-schema-graph\">{\"@context\":\"https:\/\/schema.org\",\"@graph\":[{\"@type\":\"WebPage\",\"@id\":\"https:\/\/kudryavtsev.ch\/fr\/bio\/\",\"url\":\"https:\/\/kudryavtsev.ch\/fr\/bio\/\",\"name\":\"Bio - Anton Kudryavtsev\",\"isPartOf\":{\"@id\":\"https:\/\/kudryavtsev.ch\/fr\/#website\"},\"datePublished\":\"2016-05-22T21:02:56+00:00\",\"dateModified\":\"2019-08-18T14:02:02+00:00\",\"breadcrumb\":{\"@id\":\"https:\/\/kudryavtsev.ch\/fr\/bio\/#breadcrumb\"},\"inLanguage\":\"fr-FR\",\"potentialAction\":[{\"@type\":\"ReadAction\",\"target\":[\"https:\/\/kudryavtsev.ch\/fr\/bio\/\"]}]},{\"@type\":\"BreadcrumbList\",\"@id\":\"https:\/\/kudryavtsev.ch\/fr\/bio\/#breadcrumb\",\"itemListElement\":[{\"@type\":\"ListItem\",\"position\":1,\"name\":\"Accueil\",\"item\":\"https:\/\/kudryavtsev.ch\/fr\/\"},{\"@type\":\"ListItem\",\"position\":2,\"name\":\"Bio\"}]},{\"@type\":\"WebSite\",\"@id\":\"https:\/\/kudryavtsev.ch\/fr\/#website\",\"url\":\"https:\/\/kudryavtsev.ch\/fr\/\",\"name\":\"Anton Kudryavtsev\",\"description\":\"Guitariste\",\"potentialAction\":[{\"@type\":\"SearchAction\",\"target\":{\"@type\":\"EntryPoint\",\"urlTemplate\":\"https:\/\/kudryavtsev.ch\/fr\/?s={search_term_string}\"},\"query-input\":\"required name=search_term_string\"}],\"inLanguage\":\"fr-FR\"}]}<\/script>\n<!-- \/ Yoast SEO plugin. -->","yoast_head_json":{"title":"Bio - Anton Kudryavtsev","robots":{"index":"index","follow":"follow","max-snippet":"max-snippet:-1","max-image-preview":"max-image-preview:large","max-video-preview":"max-video-preview:-1"},"canonical":"https:\/\/kudryavtsev.ch\/fr\/bio\/","og_locale":"fr_FR","og_type":"article","og_title":"Bio - Anton Kudryavtsev","og_description":"[vc_row iron_row_type=\u00a0\u00bbfull_width\u00a0\u00bb iron_remove_padding_medium=\u00a0\u00bb\u00a0\u00bb iron_remove_padding_small=\u00a0\u00bb\u00a0\u00bb iron_overlay_pattern=\u00a0\u00bb\u00a0\u00bb iron_parallax=\u00a0\u00bb\u00a0\u00bb iron_bg_video=\u00a0\u00bb\u00a0\u00bb css=\u00a0\u00bb.vc_custom_1473360041373{background-position: center !important;background-repeat: no-repeat !important;background-size: cover !important;}\u00a0\u00bb][vc_column][rev_slider_vc alias=\u00a0\u00bbbio-slider-fr\u00a0\u00bb][\/vc_column][\/vc_row][vc_row iron_row_type=\u00a0\u00bbin_container\u00a0\u00bb iron_remove_padding_medium=\u00a0\u00bb\u00a0\u00bb iron_remove_padding_small=\u00a0\u00bbmobilenopadding\u00a0\u00bb iron_overlay_pattern=\u00a0\u00bb\u00a0\u00bb iron_parallax=\u00a0\u00bb\u00a0\u00bb iron_bg_video=\u00a0\u00bb\u00a0\u00bb css=\u00a0\u00bb.vc_custom_1472849847028{padding-top: 100px !important;padding-bottom: 125px !important;}\u00a0\u00bb][vc_column css=\u00a0\u00bb.vc_custom_1466002028564{padding-right: 15% !important;padding-left: 15% !important;}\u00a0\u00bb][vc_custom_heading source=\u00a0\u00bbpost_title\u00a0\u00bb font_container=\u00a0\u00bbtag:h1|font_size:21px|text_align:center|color:%23131112|line_height:24px\u00a0\u00bb use_theme_fonts=\u00a0\u00bbyes\u00a0\u00bb fit_bg_text=\u00a0\u00bb0&Prime; css=\u00a0\u00bb.vc_custom_1472849875549{margin-bottom: 11px !important;}\u00a0\u00bb][vc_column_text css=\u00a0\u00bb.vc_custom_1550612230733{padding-right: 10px !important;padding-bottom: 78px !important;padding-left: 10px !important;}\u00a0\u00bb]N\u00e9 \u00e0 Dniepropetrovsk en Ukraine, il vit en Suisse depuis 1996. Passionn\u00e9 par la musique d\u00e8s son plus jeune \u00e2ge, il commence des \u00e9tudes de guitare \u00e0 l&rsquo;\u00e2ge de 11 ans. Il d\u00e9bute les \u00e9tudes professionnelles [&hellip;]","og_url":"https:\/\/kudryavtsev.ch\/fr\/bio\/","og_site_name":"Anton Kudryavtsev","article_modified_time":"2019-08-18T14:02:02+00:00","og_image":[{"url":"https:\/\/kudryavtsev.ch\/wp-content\/uploads\/2019\/02\/anton-kudryavtsev-373x559.jpg"}],"twitter_card":"summary_large_image","twitter_misc":{"Dur\u00e9e de lecture estim\u00e9e":"5 minutes"},"schema":{"@context":"https:\/\/schema.org","@graph":[{"@type":"WebPage","@id":"https:\/\/kudryavtsev.ch\/fr\/bio\/","url":"https:\/\/kudryavtsev.ch\/fr\/bio\/","name":"Bio - Anton Kudryavtsev","isPartOf":{"@id":"https:\/\/kudryavtsev.ch\/fr\/#website"},"datePublished":"2016-05-22T21:02:56+00:00","dateModified":"2019-08-18T14:02:02+00:00","breadcrumb":{"@id":"https:\/\/kudryavtsev.ch\/fr\/bio\/#breadcrumb"},"inLanguage":"fr-FR","potentialAction":[{"@type":"ReadAction","target":["https:\/\/kudryavtsev.ch\/fr\/bio\/"]}]},{"@type":"BreadcrumbList","@id":"https:\/\/kudryavtsev.ch\/fr\/bio\/#breadcrumb","itemListElement":[{"@type":"ListItem","position":1,"name":"Accueil","item":"https:\/\/kudryavtsev.ch\/fr\/"},{"@type":"ListItem","position":2,"name":"Bio"}]},{"@type":"WebSite","@id":"https:\/\/kudryavtsev.ch\/fr\/#website","url":"https:\/\/kudryavtsev.ch\/fr\/","name":"Anton Kudryavtsev","description":"Guitariste","potentialAction":[{"@type":"SearchAction","target":{"@type":"EntryPoint","urlTemplate":"https:\/\/kudryavtsev.ch\/fr\/?s={search_term_string}"},"query-input":"required name=search_term_string"}],"inLanguage":"fr-FR"}]}},"_links":{"self":[{"href":"https:\/\/kudryavtsev.ch\/fr\/wp-json\/wp\/v2\/pages\/85"}],"collection":[{"href":"https:\/\/kudryavtsev.ch\/fr\/wp-json\/wp\/v2\/pages"}],"about":[{"href":"https:\/\/kudryavtsev.ch\/fr\/wp-json\/wp\/v2\/types\/page"}],"author":[{"embeddable":true,"href":"https:\/\/kudryavtsev.ch\/fr\/wp-json\/wp\/v2\/users\/2"}],"replies":[{"embeddable":true,"href":"https:\/\/kudryavtsev.ch\/fr\/wp-json\/wp\/v2\/comments?post=85"}],"version-history":[{"count":81,"href":"https:\/\/kudryavtsev.ch\/fr\/wp-json\/wp\/v2\/pages\/85\/revisions"}],"predecessor-version":[{"id":2693,"href":"https:\/\/kudryavtsev.ch\/fr\/wp-json\/wp\/v2\/pages\/85\/revisions\/2693"}],"wp:attachment":[{"href":"https:\/\/kudryavtsev.ch\/fr\/wp-json\/wp\/v2\/media?parent=85"}],"curies":[{"name":"wp","href":"https:\/\/api.w.org\/{rel}","templated":true}]}}